{"id":3332,"date":"2023-11-29T10:23:42","date_gmt":"2023-11-29T09:23:42","guid":{"rendered":"http:\/\/85.208.23.146\/~narj5e3j\/carrito-2\/"},"modified":"2023-11-29T17:06:18","modified_gmt":"2023-11-29T16:06:18","slug":"carrito-2","status":"publish","type":"page","link":"https:\/\/www.naem.es\/ca\/carrito-2\/","title":{"rendered":"Carrito"},"content":{"rendered":"<div data-block-name=\"woocommerce\/cart\" class=\"wp-block-woocommerce-cart alignwide is-loading\"><div data-block-name=\"woocommerce\/filled-cart-block\" class=\"wp-block-woocommerce-filled-cart-block\"><div data-block-name=\"woocommerce\/cart-items-block\" class=\"wp-block-woocommerce-cart-items-block\"><div data-block-name=\"woocommerce\/cart-line-items-block\" class=\"wp-block-woocommerce-cart-line-items-block\"><\/div>\n\n<div data-block-name=\"woocommerce\/cart-cross-sells-block\" class=\"wp-block-woocommerce-cart-cross-sells-block\"><h2 class=\"wp-block-heading has-large-font-size\">Puede que te interese\u2026<\/h2>\n\n<div data-block-name=\"woocommerce\/cart-cross-sells-products-block\" class=\"wp-block-woocommerce-cart-cross-sells-products-block\"><\/div><\/div><\/div>\n\n<div data-block-name=\"woocommerce\/cart-totals-block\" class=\"wp-block-woocommerce-cart-totals-block\"><div data-block-name=\"woocommerce\/cart-order-summary-block\" class=\"wp-block-woocommerce-cart-order-summary-block\"><div data-block-name=\"woocommerce\/cart-order-summary-heading-block\" class=\"wp-block-woocommerce-cart-order-summary-heading-block\"><\/div><div data-block-name=\"woocommerce\/cart-order-summary-coupon-form-block\" class=\"wp-block-woocommerce-cart-order-summary-coupon-form-block\"><\/div><div data-block-name=\"woocommerce\/cart-order-summary-totals-block\" class=\"wp-block-woocommerce-cart-order-summary-totals-block\">\n<div data-block-name=\"woocommerce\/cart-order-summary-subtotal-block\" class=\"wp-block-woocommerce-cart-order-summary-subtotal-block\"><\/div>\n<div data-block-name=\"woocommerce\/cart-order-summary-discount-block\" class=\"wp-block-woocommerce-cart-order-summary-discount-block\"><\/div>\n<div data-block-name=\"woocommerce\/cart-order-summary-fee-block\" class=\"wp-block-woocommerce-cart-order-summary-fee-block\"><\/div>\n<div data-block-name=\"woocommerce\/cart-order-summary-shipping-block\" class=\"wp-block-woocommerce-cart-order-summary-shipping-block\"><\/div>\n<div data-block-name=\"woocommerce\/cart-order-summary-taxes-block\" class=\"wp-block-woocommerce-cart-order-summary-taxes-block\"><\/div><\/div><\/div>\n\n<div data-block-name=\"woocommerce\/cart-express-payment-block\" class=\"wp-block-woocommerce-cart-express-payment-block\"><\/div>\n\n<div data-block-name=\"woocommerce\/proceed-to-checkout-block\" class=\"wp-block-woocommerce-proceed-to-checkout-block\"><\/div>\n\n<div data-block-name=\"woocommerce\/cart-accepted-payment-methods-block\" class=\"wp-block-woocommerce-cart-accepted-payment-methods-block\"><\/div><\/div><\/div>\n\n<div data-block-name=\"woocommerce\/empty-cart-block\" class=\"wp-block-woocommerce-empty-cart-block\"><h2 class=\"wp-block-heading has-text-align-center with-empty-cart-icon wc-block-cart__empty-cart__title\">\u00a1Tu carrito actualmente est\u00e1 vac\u00edo!<\/h2>\n\n<hr class=\"wp-block-separator has-alpha-channel-opacity is-style-dots\"\/>\n\n<h2 class=\"wp-block-heading has-text-align-center\">Nuevo en la tienda<\/h2>\n\n<div data-block-name=\"woocommerce\/product-new\" data-columns=\"4\" data-rows=\"1\" class=\"wc-block-grid wp-block-product-new wc-block-product-new has-4-columns\"><ul class=\"wc-block-grid__products\"><li class=\"wc-block-grid__product\">\n\t\t\t\t<a href=\"https:\/\/www.naem.es\/ca\/producto\/grup-esquadres-dalineacio-v\/\" class=\"wc-block-grid__product-link\">\n\t\t\t\t\t\n\t\t\t\t\t<div class=\"wc-block-grid__product-image\"><img fetchpriority=\"high\" decoding=\"async\" width=\"300\" height=\"300\" src=\"https:\/\/www.naem.es\/wp-content\/uploads\/grupo-escuadras-alineacion-v--300x300.jpg\" class=\"attachment-woocommerce_thumbnail size-woocommerce_thumbnail\" alt=\"Grup esquadres d&#039;alineaci\u00f3 V\" srcset=\"https:\/\/www.naem.es\/wp-content\/uploads\/grupo-escuadras-alineacion-v--300x300.jpg 300w, https:\/\/www.naem.es\/wp-content\/uploads\/grupo-escuadras-alineacion-v--450x450.jpg 450w, https:\/\/www.naem.es\/wp-content\/uploads\/grupo-escuadras-alineacion-v--106x106.jpg 106w, https:\/\/www.naem.es\/wp-content\/uploads\/grupo-escuadras-alineacion-v--100x100.jpg 100w\" sizes=\"(max-width: 300px) 100vw, 300px\" \/><\/div>\n\t\t\t\t\t<div class=\"wc-block-grid__product-title\">Grup esquadres d&#8217;alineaci\u00f3 V<\/div>\n\t\t\t\t<\/a>\n\t\t\t\t<div class=\"wc-block-grid__product-price price\"><\/div>\n\t\t\t\t\n\t\t\t\t<div class=\"wp-block-button wc-block-grid__product-add-to-cart\"><a href=\"https:\/\/www.naem.es\/ca\/producto\/grup-esquadres-dalineacio-v\/\" aria-label=\"M\u00e9s informaci\u00f3 sobre &ldquo;Grup esquadres d&#039;alineaci\u00f3 V&rdquo;\" data-quantity=\"1\" data-product_id=\"3891\" data-product_sku=\"\" data-price=\"0\" rel=\"nofollow\" class=\"wp-block-button__link  add_to_cart_button\">Add to cart<\/a><\/div>\n\t\t\t<\/li><li class=\"wc-block-grid__product\">\n\t\t\t\t<a href=\"https:\/\/www.naem.es\/ca\/producto\/grup-esquadres-dalineacio-embotida\/\" class=\"wc-block-grid__product-link\">\n\t\t\t\t\t\n\t\t\t\t\t<div class=\"wc-block-grid__product-image\"><img decoding=\"async\" width=\"300\" height=\"300\" src=\"https:\/\/www.naem.es\/wp-content\/uploads\/escuadra-alineacion-embutida--300x300.jpg\" class=\"attachment-woocommerce_thumbnail size-woocommerce_thumbnail\" alt=\"Grup esquadres d&#039;alineaci\u00f3 embotida\" srcset=\"https:\/\/www.naem.es\/wp-content\/uploads\/escuadra-alineacion-embutida--300x300.jpg 300w, https:\/\/www.naem.es\/wp-content\/uploads\/escuadra-alineacion-embutida--106x106.jpg 106w, https:\/\/www.naem.es\/wp-content\/uploads\/escuadra-alineacion-embutida--100x100.jpg 100w\" sizes=\"(max-width: 300px) 100vw, 300px\" \/><\/div>\n\t\t\t\t\t<div class=\"wc-block-grid__product-title\">Grup esquadres d&#8217;alineaci\u00f3 embotida<\/div>\n\t\t\t\t<\/a>\n\t\t\t\t<div class=\"wc-block-grid__product-price price\"><\/div>\n\t\t\t\t\n\t\t\t\t<div class=\"wp-block-button wc-block-grid__product-add-to-cart\"><a href=\"https:\/\/www.naem.es\/ca\/producto\/grup-esquadres-dalineacio-embotida\/\" aria-label=\"M\u00e9s informaci\u00f3 sobre &ldquo;Grup esquadres d&#039;alineaci\u00f3 embotida&rdquo;\" data-quantity=\"1\" data-product_id=\"3907\" data-product_sku=\"\" data-price=\"0\" rel=\"nofollow\" class=\"wp-block-button__link  add_to_cart_button\">Add to cart<\/a><\/div>\n\t\t\t<\/li><li class=\"wc-block-grid__product\">\n\t\t\t\t<a href=\"https:\/\/www.naem.es\/ca\/producto\/grup-esquadres-dalineacio-desigual\/\" class=\"wc-block-grid__product-link\">\n\t\t\t\t\t\n\t\t\t\t\t<div class=\"wc-block-grid__product-image\"><img decoding=\"async\" width=\"300\" height=\"300\" src=\"https:\/\/www.naem.es\/wp-content\/uploads\/grupo-escuadras-alineacion-desigual--300x300.jpg\" class=\"attachment-woocommerce_thumbnail size-woocommerce_thumbnail\" alt=\"Grup esquadres d&#039;alineaci\u00f3 desigual\" srcset=\"https:\/\/www.naem.es\/wp-content\/uploads\/grupo-escuadras-alineacion-desigual--300x300.jpg 300w, https:\/\/www.naem.es\/wp-content\/uploads\/grupo-escuadras-alineacion-desigual--450x450.jpg 450w, https:\/\/www.naem.es\/wp-content\/uploads\/grupo-escuadras-alineacion-desigual--106x106.jpg 106w, https:\/\/www.naem.es\/wp-content\/uploads\/grupo-escuadras-alineacion-desigual--100x100.jpg 100w\" sizes=\"(max-width: 300px) 100vw, 300px\" \/><\/div>\n\t\t\t\t\t<div class=\"wc-block-grid__product-title\">Grup esquadres d&#8217;alineaci\u00f3 desigual<\/div>\n\t\t\t\t<\/a>\n\t\t\t\t<div class=\"wc-block-grid__product-price price\"><\/div>\n\t\t\t\t\n\t\t\t\t<div class=\"wp-block-button wc-block-grid__product-add-to-cart\"><a href=\"https:\/\/www.naem.es\/ca\/producto\/grup-esquadres-dalineacio-desigual\/\" aria-label=\"M\u00e9s informaci\u00f3 sobre &ldquo;Grup esquadres d&#039;alineaci\u00f3 desigual&rdquo;\" data-quantity=\"1\" data-product_id=\"3908\" data-product_sku=\"\" data-price=\"0\" rel=\"nofollow\" class=\"wp-block-button__link  add_to_cart_button\">Add to cart<\/a><\/div>\n\t\t\t<\/li><li class=\"wc-block-grid__product\">\n\t\t\t\t<a href=\"https:\/\/www.naem.es\/ca\/producto\/grup-esquadres-dalineacio-dalumini\/\" class=\"wc-block-grid__product-link\">\n\t\t\t\t\t\n\t\t\t\t\t<div class=\"wc-block-grid__product-image\"><img loading=\"lazy\" decoding=\"async\" width=\"300\" height=\"300\" src=\"https:\/\/www.naem.es\/wp-content\/uploads\/grupo-escuadras-alineacion-165--300x300.jpg\" class=\"attachment-woocommerce_thumbnail size-woocommerce_thumbnail\" alt=\"Grup esquadres d&#039;alineaci\u00f3 d&#039;alumini\" srcset=\"https:\/\/www.naem.es\/wp-content\/uploads\/grupo-escuadras-alineacion-165--300x300.jpg 300w, https:\/\/www.naem.es\/wp-content\/uploads\/grupo-escuadras-alineacion-165--450x450.jpg 450w, https:\/\/www.naem.es\/wp-content\/uploads\/grupo-escuadras-alineacion-165--106x106.jpg 106w, https:\/\/www.naem.es\/wp-content\/uploads\/grupo-escuadras-alineacion-165--100x100.jpg 100w\" sizes=\"(max-width: 300px) 100vw, 300px\" \/><\/div>\n\t\t\t\t\t<div class=\"wc-block-grid__product-title\">Grup esquadres d&#8217;alineaci\u00f3 d&#8217;alumini<\/div>\n\t\t\t\t<\/a>\n\t\t\t\t<div class=\"wc-block-grid__product-price price\"><\/div>\n\t\t\t\t\n\t\t\t\t<div class=\"wp-block-button wc-block-grid__product-add-to-cart\"><a href=\"https:\/\/www.naem.es\/ca\/producto\/grup-esquadres-dalineacio-dalumini\/\" aria-label=\"M\u00e9s informaci\u00f3 sobre &ldquo;Grup esquadres d&#039;alineaci\u00f3 d&#039;alumini&rdquo;\" data-quantity=\"1\" data-product_id=\"3909\" data-product_sku=\"\" data-price=\"0\" rel=\"nofollow\" class=\"wp-block-button__link  add_to_cart_button\">Add to cart<\/a><\/div>\n\t\t\t<\/li><\/ul><\/div><\/div><\/div>","protected":false},"excerpt":{"rendered":"","protected":false},"author":1,"featured_media":0,"parent":0,"menu_order":0,"comment_status":"closed","ping_status":"closed","template":"","meta":{"footnotes":""},"class_list":["post-3332","page","type-page","status-publish","hentry"],"yoast_head":"<!-- This site is optimized with the Yoast SEO plugin v24.0 - https:\/\/yoast.com\/wordpress\/plugins\/seo\/ -->\n<title>Carrito - Naem<\/title>\n<meta name=\"robots\" content=\"index, follow, max-snippet:-1, max-image-preview:large, max-video-preview:-1\" \/>\n<link rel=\"canonical\" href=\"https:\/\/www.naem.es\/ca\/carrito-2\/\" \/>\n<meta property=\"og:locale\" content=\"ca_ES\" \/>\n<meta property=\"og:type\" content=\"article\" \/>\n<meta property=\"og:title\" content=\"Carrito - Naem\" \/>\n<meta property=\"og:url\" content=\"https:\/\/www.naem.es\/ca\/carrito-2\/\" \/>\n<meta property=\"og:site_name\" content=\"Naem\" \/>\n<meta property=\"article:modified_time\" content=\"2023-11-29T16:06:18+00:00\" \/>\n<meta name=\"twitter:card\" content=\"summary_large_image\" \/>\n<script type=\"application\/ld+json\" class=\"yoast-schema-graph\">{\"@context\":\"https:\/\/schema.org\",\"@graph\":[{\"@type\":\"WebPage\",\"@id\":\"https:\/\/www.naem.es\/ca\/carrito-2\/\",\"url\":\"https:\/\/www.naem.es\/ca\/carrito-2\/\",\"name\":\"Carrito - Naem\",\"isPartOf\":{\"@id\":\"https:\/\/www.naem.es\/ca\/#website\"},\"datePublished\":\"2023-11-29T09:23:42+00:00\",\"dateModified\":\"2023-11-29T16:06:18+00:00\",\"breadcrumb\":{\"@id\":\"https:\/\/www.naem.es\/ca\/carrito-2\/#breadcrumb\"},\"inLanguage\":\"ca\",\"potentialAction\":[{\"@type\":\"ReadAction\",\"target\":[\"https:\/\/www.naem.es\/ca\/carrito-2\/\"]}]},{\"@type\":\"BreadcrumbList\",\"@id\":\"https:\/\/www.naem.es\/ca\/carrito-2\/#breadcrumb\",\"itemListElement\":[{\"@type\":\"ListItem\",\"position\":1,\"name\":\"Portada\",\"item\":\"https:\/\/www.naem.es\/ca\/\"},{\"@type\":\"ListItem\",\"position\":2,\"name\":\"Carrito\"}]},{\"@type\":\"WebSite\",\"@id\":\"https:\/\/www.naem.es\/ca\/#website\",\"url\":\"https:\/\/www.naem.es\/ca\/\",\"name\":\"Naem\",\"description\":\"\",\"potentialAction\":[{\"@type\":\"SearchAction\",\"target\":{\"@type\":\"EntryPoint\",\"urlTemplate\":\"https:\/\/www.naem.es\/ca\/?s={search_term_string}\"},\"query-input\":{\"@type\":\"PropertyValueSpecification\",\"valueRequired\":true,\"valueName\":\"search_term_string\"}}],\"inLanguage\":\"ca\"}]}<\/script>\n<!-- \/ Yoast SEO plugin. -->","yoast_head_json":{"title":"Carrito - Naem","robots":{"index":"index","follow":"follow","max-snippet":"max-snippet:-1","max-image-preview":"max-image-preview:large","max-video-preview":"max-video-preview:-1"},"canonical":"https:\/\/www.naem.es\/ca\/carrito-2\/","og_locale":"ca_ES","og_type":"article","og_title":"Carrito - Naem","og_url":"https:\/\/www.naem.es\/ca\/carrito-2\/","og_site_name":"Naem","article_modified_time":"2023-11-29T16:06:18+00:00","twitter_card":"summary_large_image","schema":{"@context":"https:\/\/schema.org","@graph":[{"@type":"WebPage","@id":"https:\/\/www.naem.es\/ca\/carrito-2\/","url":"https:\/\/www.naem.es\/ca\/carrito-2\/","name":"Carrito - Naem","isPartOf":{"@id":"https:\/\/www.naem.es\/ca\/#website"},"datePublished":"2023-11-29T09:23:42+00:00","dateModified":"2023-11-29T16:06:18+00:00","breadcrumb":{"@id":"https:\/\/www.naem.es\/ca\/carrito-2\/#breadcrumb"},"inLanguage":"ca","potentialAction":[{"@type":"ReadAction","target":["https:\/\/www.naem.es\/ca\/carrito-2\/"]}]},{"@type":"BreadcrumbList","@id":"https:\/\/www.naem.es\/ca\/carrito-2\/#breadcrumb","itemListElement":[{"@type":"ListItem","position":1,"name":"Portada","item":"https:\/\/www.naem.es\/ca\/"},{"@type":"ListItem","position":2,"name":"Carrito"}]},{"@type":"WebSite","@id":"https:\/\/www.naem.es\/ca\/#website","url":"https:\/\/www.naem.es\/ca\/","name":"Naem","description":"","potentialAction":[{"@type":"SearchAction","target":{"@type":"EntryPoint","urlTemplate":"https:\/\/www.naem.es\/ca\/?s={search_term_string}"},"query-input":{"@type":"PropertyValueSpecification","valueRequired":true,"valueName":"search_term_string"}}],"inLanguage":"ca"}]}},"_links":{"self":[{"href":"https:\/\/www.naem.es\/ca\/wp-json\/wp\/v2\/pages\/3332","targetHints":{"allow":["GET"]}}],"collection":[{"href":"https:\/\/www.naem.es\/ca\/wp-json\/wp\/v2\/pages"}],"about":[{"href":"https:\/\/www.naem.es\/ca\/wp-json\/wp\/v2\/types\/page"}],"author":[{"embeddable":true,"href":"https:\/\/www.naem.es\/ca\/wp-json\/wp\/v2\/users\/1"}],"replies":[{"embeddable":true,"href":"https:\/\/www.naem.es\/ca\/wp-json\/wp\/v2\/comments?post=3332"}],"version-history":[{"count":0,"href":"https:\/\/www.naem.es\/ca\/wp-json\/wp\/v2\/pages\/3332\/revisions"}],"wp:attachment":[{"href":"https:\/\/www.naem.es\/ca\/wp-json\/wp\/v2\/media?parent=3332"}],"curies":[{"name":"wp","href":"https:\/\/api.w.org\/{rel}","templated":true}]}}