{"id":3798,"date":"2023-11-28T17:10:06","date_gmt":"2023-11-28T16:10:06","guid":{"rendered":"http:\/\/85.208.23.146\/~narj5e3j\/matriceria\/"},"modified":"2023-12-18T09:04:09","modified_gmt":"2023-12-18T08:04:09","slug":"matriceria-ca","status":"publish","type":"page","link":"https:\/\/www.naem.es\/ca\/matriceria-ca\/","title":{"rendered":"Matriceria"},"content":{"rendered":"\t\t<div data-elementor-type=\"wp-page\" data-elementor-id=\"3798\" class=\"elementor elementor-3798 elementor-3098\" data-elementor-post-type=\"page\">\n\t\t\t\t\t\t<section class=\"elementor-section elementor-top-section elementor-element elementor-element-8fcd753 elementor-section-full_width elementor-section-height-default elementor-section-height-default\" data-id=\"8fcd753\" data-element_type=\"section\">\n\t\t\t\t\t\t<div class=\"elementor-container elementor-column-gap-default\">\n\t\t\t\t\t<div class=\"elementor-column elementor-col-100 elementor-top-column elementor-element elementor-element-15a2864 leftcol-servicios\" data-id=\"15a2864\" data-element_type=\"column\">\n\t\t\t<div class=\"elementor-widget-wrap elementor-element-populated\">\n\t\t\t\t\t\t<div class=\"elementor-element elementor-element-b7c47e1 elementor-widget elementor-widget-witr_section_title\" data-id=\"b7c47e1\" data-element_type=\"widget\" data-widget_type=\"witr_section_title.default\">\n\t\t\t\t<div class=\"elementor-widget-container\">\n\t\t\t\t\t\t\t\t<!-- title center -->\n\t\t\t\t\t<div class=\"witr_section_title\">\n\t\t\t\t\t\t<div class=\"witr_section_title_inner text-center\">\n\t\t\t\t\t\t\n\t\t\t\t\t\t\t<!--<div class=\"witr_title_lines\"><span class=\"witr_line_shaps\"><span class=\"witr_shape_dv\">Divider <i aria-hidden=\"true\" class=\"fas fa-star\"><\/i><\/span><\/span><\/div>-->\n\t\t\t\t\t\t\t<!-- icon position -->\n\t\t\t\t\t\t\t\t\n\t\t\t\t\t\t\t<!-- end icon position -->\n\t\t\t\t\t\t\t\n\t\t\t\t\t\t\n\t\t\t\t\t\t\t<!-- title top -->\n\t\t\t\t\t\t\t\n\n\t\t\t\t\t\t\t<!-- icon position -->\n\t\t\t\t\t\t\t\t\n\t\t\t\t\t\t\t<!-- end icon position -->\n\n\n\t\t\t\t\t\t\t\n\t\t\t\t\t\t\t<!-- title middle -->\n\t\t\t\t\t\t\t\t\t\t\t\t\t\t\t<h3>Matriceria<\/h3>\t\t\n\t\t\t\t\t\t\t\t\t\t\t\t\t\t<!-- title bottom -->\n\t\t\t\t\t\t\t\n\t\t\t\t\t\t\t\n\t\t\t\t\t\t\t\n\t\t\t\t\t\t\t\t\t\t\t\t\t\t\n\t\t\t\t\t\t\t<!-- image -->\n\t\t\t\t\t\t\t\t\t\t\t\t\t\t<!-- icon -->\n\t\t\t\t\t\t\t\t\t\t\t\t\t\t\n\t\t\t\t\t\t\t<!-- bar -->\n\t\t\t\t\t\t\t\n\t\t\t\t\t\t\t\n\t\t\t\t\t\t\t\t\n\t\t\t\t\t\t\t\n\t\t\t\t\t\t\t\n\t\t\t\t\t\t\t\n\t\t\t\t\t\t\t\n\t\t\t\t\t\t\t\n\t\t\t\t\t\t\t\n\t\t\t\t\t\t\t\n\t\t\t\t\t\t\t\n\t\t\t\t\t\t\t<!-- content -->\n\t\t\t\t\t\t\t\t\t\t\t\t\t\t\n\t\t\t\t\t\t<\/div>\n\t\t\t\t\t\t\t<!-- inner title -->\n\t\t\t\t\t\t\t\t\t\t\t\t\t\n\t\t\t\t\t<\/div>\n\n\t\t\t\t\t\t<\/div>\n\t\t\t\t<\/div>\n\t\t\t\t\t<\/div>\n\t\t<\/div>\n\t\t\t\t\t<\/div>\n\t\t<\/section>\n\t\t\t\t<section class=\"elementor-section elementor-top-section elementor-element elementor-element-283d81c elementor-section-full_width elementor-section-height-default elementor-section-height-default\" data-id=\"283d81c\" data-element_type=\"section\">\n\t\t\t\t\t\t<div class=\"elementor-container elementor-column-gap-default\">\n\t\t\t\t\t<div class=\"elementor-column elementor-col-50 elementor-top-column elementor-element elementor-element-23530a9 leftcol-servicios\" data-id=\"23530a9\" data-element_type=\"column\" data-settings=\"{&quot;background_background&quot;:&quot;classic&quot;}\">\n\t\t\t<div class=\"elementor-widget-wrap elementor-element-populated\">\n\t\t\t\t\t\t<div class=\"elementor-element elementor-element-23d4dc8 elementor-widget elementor-widget-heading\" data-id=\"23d4dc8\" data-element_type=\"widget\" data-widget_type=\"heading.default\">\n\t\t\t\t<div class=\"elementor-widget-container\">\n\t\t\t<h2 class=\"elementor-heading-title elementor-size-default\">Els nostres serveis<\/h2>\t\t<\/div>\n\t\t\t\t<\/div>\n\t\t\t\t<div class=\"elementor-element elementor-element-fc10e9e elementor-nav-menu__align-center elementor-nav-menu--dropdown-none elementor-widget elementor-widget-nav-menu\" data-id=\"fc10e9e\" data-element_type=\"widget\" data-settings=\"{&quot;layout&quot;:&quot;vertical&quot;,&quot;submenu_icon&quot;:{&quot;value&quot;:&quot;&lt;i class=\\&quot;fas fa-caret-down\\&quot;&gt;&lt;\\\/i&gt;&quot;,&quot;library&quot;:&quot;fa-solid&quot;}}\" data-widget_type=\"nav-menu.default\">\n\t\t\t\t<div class=\"elementor-widget-container\">\n\t\t\t\t\t\t<nav aria-label=\"Menu\" class=\"elementor-nav-menu--main elementor-nav-menu__container elementor-nav-menu--layout-vertical e--pointer-none\">\n\t\t\t\t<ul id=\"menu-1-fc10e9e\" class=\"elementor-nav-menu sm-vertical\"><li class=\"menu-item menu-item-type-post_type menu-item-object-page menu-item-3826\"><a href=\"https:\/\/www.naem.es\/ca\/matriceria-ca\/\" class=\"elementor-item\">Matriceria<\/a><\/li>\n<li class=\"menu-item menu-item-type-post_type menu-item-object-page menu-item-3829\"><a href=\"https:\/\/www.naem.es\/ca\/estampacio\/\" class=\"elementor-item\">Estampaci\u00f3<\/a><\/li>\n<li class=\"menu-item menu-item-type-post_type menu-item-object-page menu-item-3828\"><a href=\"https:\/\/www.naem.es\/ca\/assemblatge\/\" class=\"elementor-item\">Assemblatge<\/a><\/li>\n<li class=\"menu-item menu-item-type-post_type menu-item-object-page menu-item-3827\"><a href=\"https:\/\/www.naem.es\/ca\/picking-i-logistica\/\" class=\"elementor-item\">Picking i log\u00edstica<\/a><\/li>\n<\/ul>\t\t\t<\/nav>\n\t\t\t\t\t\t<nav class=\"elementor-nav-menu--dropdown elementor-nav-menu__container\" aria-hidden=\"true\">\n\t\t\t\t<ul id=\"menu-2-fc10e9e\" class=\"elementor-nav-menu sm-vertical\"><li class=\"menu-item menu-item-type-post_type menu-item-object-page menu-item-3826\"><a href=\"https:\/\/www.naem.es\/ca\/matriceria-ca\/\" class=\"elementor-item\" tabindex=\"-1\">Matriceria<\/a><\/li>\n<li class=\"menu-item menu-item-type-post_type menu-item-object-page menu-item-3829\"><a href=\"https:\/\/www.naem.es\/ca\/estampacio\/\" class=\"elementor-item\" tabindex=\"-1\">Estampaci\u00f3<\/a><\/li>\n<li class=\"menu-item menu-item-type-post_type menu-item-object-page menu-item-3828\"><a href=\"https:\/\/www.naem.es\/ca\/assemblatge\/\" class=\"elementor-item\" tabindex=\"-1\">Assemblatge<\/a><\/li>\n<li class=\"menu-item menu-item-type-post_type menu-item-object-page menu-item-3827\"><a href=\"https:\/\/www.naem.es\/ca\/picking-i-logistica\/\" class=\"elementor-item\" tabindex=\"-1\">Picking i log\u00edstica<\/a><\/li>\n<\/ul>\t\t\t<\/nav>\n\t\t\t\t<\/div>\n\t\t\t\t<\/div>\n\t\t\t\t<div class=\"elementor-element elementor-element-f1ec585 elementor-widget elementor-widget-text-editor\" data-id=\"f1ec585\" data-element_type=\"widget\" data-widget_type=\"text-editor.default\">\n\t\t\t\t<div class=\"elementor-widget-container\">\n\t\t\t\t\t\t\t<h3>Contacte<\/h3><p>Dilluns a divendres de 07 a 15h.<br \/>93 770 19 38<br \/>93 719 50 38<br \/>naem@naem.es<\/p><h3>Direcci\u00f3<\/h3><p>Miquel Servet, 37 Nave 3 Pol. Ind. Sesrovires<br \/>08635 Sant Esteve Sesrovires (Barcelona)<\/p>\t\t\t\t\t\t<\/div>\n\t\t\t\t<\/div>\n\t\t\t\t<div class=\"elementor-element elementor-element-dc42d3a elementor-widget elementor-widget-google_maps\" data-id=\"dc42d3a\" data-element_type=\"widget\" data-widget_type=\"google_maps.default\">\n\t\t\t\t<div class=\"elementor-widget-container\">\n\t\t\t\t\t<div class=\"elementor-custom-embed\">\n\t\t\t<iframe loading=\"lazy\"\n\t\t\t\t\tsrc=\"https:\/\/maps.google.com\/maps?q=naem%20s.l.&#038;t=m&#038;z=10&#038;output=embed&#038;iwloc=near\"\n\t\t\t\t\ttitle=\"naem s.l.\"\n\t\t\t\t\taria-label=\"naem s.l.\"\n\t\t\t><\/iframe>\n\t\t<\/div>\n\t\t\t\t<\/div>\n\t\t\t\t<\/div>\n\t\t\t\t\t<\/div>\n\t\t<\/div>\n\t\t\t\t<div class=\"elementor-column elementor-col-50 elementor-top-column elementor-element elementor-element-67a3f09 servicios-column\" data-id=\"67a3f09\" data-element_type=\"column\">\n\t\t\t<div class=\"elementor-widget-wrap elementor-element-populated\">\n\t\t\t\t\t\t<section class=\"elementor-section elementor-inner-section elementor-element elementor-element-ce92a64 elementor-section-boxed elementor-section-height-default elementor-section-height-default\" data-id=\"ce92a64\" data-element_type=\"section\">\n\t\t\t\t\t\t<div class=\"elementor-container elementor-column-gap-default\">\n\t\t\t\t\t<div class=\"elementor-column elementor-col-50 elementor-inner-column elementor-element elementor-element-3c5d1e3\" data-id=\"3c5d1e3\" data-element_type=\"column\">\n\t\t\t<div class=\"elementor-widget-wrap elementor-element-populated\">\n\t\t\t\t\t\t<div class=\"elementor-element elementor-element-4bc2a28 elementor-widget elementor-widget-text-editor\" data-id=\"4bc2a28\" data-element_type=\"widget\" data-widget_type=\"text-editor.default\">\n\t\t\t\t<div class=\"elementor-widget-container\">\n\t\t\t\t\t\t\t<h3>\u00a0<\/h3><h3><strong>Oficina T\u00e8cnica:<\/strong><\/h3><p>El nostre equip t\u00e8cnic disposa de tots els recursos i tecnologia per poder desenvolupar tots els projectes de principi a fi<\/p>\t\t\t\t\t\t<\/div>\n\t\t\t\t<\/div>\n\t\t\t\t\t<\/div>\n\t\t<\/div>\n\t\t\t\t<div class=\"elementor-column elementor-col-50 elementor-inner-column elementor-element elementor-element-d0a9ddf\" data-id=\"d0a9ddf\" data-element_type=\"column\">\n\t\t\t<div class=\"elementor-widget-wrap elementor-element-populated\">\n\t\t\t\t\t\t<div class=\"elementor-element elementor-element-61d2099 elementor-arrows-position-inside elementor-pagination-position-outside elementor-widget elementor-widget-image-carousel\" data-id=\"61d2099\" data-element_type=\"widget\" data-settings=\"{&quot;slides_to_show&quot;:&quot;1&quot;,&quot;navigation&quot;:&quot;both&quot;,&quot;autoplay&quot;:&quot;yes&quot;,&quot;pause_on_hover&quot;:&quot;yes&quot;,&quot;pause_on_interaction&quot;:&quot;yes&quot;,&quot;autoplay_speed&quot;:5000,&quot;infinite&quot;:&quot;yes&quot;,&quot;effect&quot;:&quot;slide&quot;,&quot;speed&quot;:500}\" data-widget_type=\"image-carousel.default\">\n\t\t\t\t<div class=\"elementor-widget-container\">\n\t\t\t\t\t<div class=\"elementor-image-carousel-wrapper swiper\" dir=\"ltr\">\n\t\t\t<div class=\"elementor-image-carousel swiper-wrapper\" aria-live=\"off\">\n\t\t\t\t\t\t\t\t<div class=\"swiper-slide\" role=\"group\" aria-roledescription=\"slide\" aria-label=\"1 de 2\"><figure class=\"swiper-slide-inner\"><img decoding=\"async\" class=\"swiper-slide-image\" src=\"https:\/\/www.naem.es\/wp-content\/uploads\/matriceria-pg-sup-01.jpg\" alt=\"matriceria-pg-sup-01\" \/><\/figure><\/div><div class=\"swiper-slide\" role=\"group\" aria-roledescription=\"slide\" aria-label=\"2 de 2\"><figure class=\"swiper-slide-inner\"><img decoding=\"async\" class=\"swiper-slide-image\" src=\"https:\/\/www.naem.es\/wp-content\/uploads\/matriceria-pg-sup-02.jpg\" alt=\"matriceria-pg-sup-02\" \/><\/figure><\/div>\t\t\t<\/div>\n\t\t\t\t\t\t\t\t\t\t\t\t<div class=\"elementor-swiper-button elementor-swiper-button-prev\" role=\"button\" tabindex=\"0\">\n\t\t\t\t\t\t<i aria-hidden=\"true\" class=\"eicon-chevron-left\"><\/i>\t\t\t\t\t<\/div>\n\t\t\t\t\t<div class=\"elementor-swiper-button elementor-swiper-button-next\" role=\"button\" tabindex=\"0\">\n\t\t\t\t\t\t<i aria-hidden=\"true\" class=\"eicon-chevron-right\"><\/i>\t\t\t\t\t<\/div>\n\t\t\t\t\n\t\t\t\t\t\t\t\t\t<div class=\"swiper-pagination\"><\/div>\n\t\t\t\t\t\t\t\t\t<\/div>\n\t\t\t\t<\/div>\n\t\t\t\t<\/div>\n\t\t\t\t\t<\/div>\n\t\t<\/div>\n\t\t\t\t\t<\/div>\n\t\t<\/section>\n\t\t\t\t<section class=\"elementor-section elementor-inner-section elementor-element elementor-element-77f36b8 elementor-section-boxed elementor-section-height-default elementor-section-height-default\" data-id=\"77f36b8\" data-element_type=\"section\">\n\t\t\t\t\t\t<div class=\"elementor-container elementor-column-gap-default\">\n\t\t\t\t\t<div class=\"elementor-column elementor-col-50 elementor-inner-column elementor-element elementor-element-1a02e16\" data-id=\"1a02e16\" data-element_type=\"column\">\n\t\t\t<div class=\"elementor-widget-wrap elementor-element-populated\">\n\t\t\t\t\t\t<div class=\"elementor-element elementor-element-25ea99d elementor-arrows-position-inside elementor-pagination-position-outside elementor-widget elementor-widget-image-carousel\" data-id=\"25ea99d\" data-element_type=\"widget\" data-settings=\"{&quot;slides_to_show&quot;:&quot;1&quot;,&quot;navigation&quot;:&quot;both&quot;,&quot;autoplay&quot;:&quot;yes&quot;,&quot;pause_on_hover&quot;:&quot;yes&quot;,&quot;pause_on_interaction&quot;:&quot;yes&quot;,&quot;autoplay_speed&quot;:5000,&quot;infinite&quot;:&quot;yes&quot;,&quot;effect&quot;:&quot;slide&quot;,&quot;speed&quot;:500}\" data-widget_type=\"image-carousel.default\">\n\t\t\t\t<div class=\"elementor-widget-container\">\n\t\t\t\t\t<div class=\"elementor-image-carousel-wrapper swiper\" dir=\"ltr\">\n\t\t\t<div class=\"elementor-image-carousel swiper-wrapper\" aria-live=\"off\">\n\t\t\t\t\t\t\t\t<div class=\"swiper-slide\" role=\"group\" aria-roledescription=\"slide\" aria-label=\"1 de 2\"><figure class=\"swiper-slide-inner\"><img decoding=\"async\" class=\"swiper-slide-image\" src=\"https:\/\/www.naem.es\/wp-content\/uploads\/matriceria-pg-inf-01.jpg\" alt=\"matriceria-pg-inf-01\" \/><\/figure><\/div><div class=\"swiper-slide\" role=\"group\" aria-roledescription=\"slide\" aria-label=\"2 de 2\"><figure class=\"swiper-slide-inner\"><img decoding=\"async\" class=\"swiper-slide-image\" src=\"https:\/\/www.naem.es\/wp-content\/uploads\/matriceria-pg-inf-02.jpg\" alt=\"matriceria-pg-inf-02\" \/><\/figure><\/div>\t\t\t<\/div>\n\t\t\t\t\t\t\t\t\t\t\t\t<div class=\"elementor-swiper-button elementor-swiper-button-prev\" role=\"button\" tabindex=\"0\">\n\t\t\t\t\t\t<i aria-hidden=\"true\" class=\"eicon-chevron-left\"><\/i>\t\t\t\t\t<\/div>\n\t\t\t\t\t<div class=\"elementor-swiper-button elementor-swiper-button-next\" role=\"button\" tabindex=\"0\">\n\t\t\t\t\t\t<i aria-hidden=\"true\" class=\"eicon-chevron-right\"><\/i>\t\t\t\t\t<\/div>\n\t\t\t\t\n\t\t\t\t\t\t\t\t\t<div class=\"swiper-pagination\"><\/div>\n\t\t\t\t\t\t\t\t\t<\/div>\n\t\t\t\t<\/div>\n\t\t\t\t<\/div>\n\t\t\t\t\t<\/div>\n\t\t<\/div>\n\t\t\t\t<div class=\"elementor-column elementor-col-50 elementor-inner-column elementor-element elementor-element-7875079\" data-id=\"7875079\" data-element_type=\"column\">\n\t\t\t<div class=\"elementor-widget-wrap elementor-element-populated\">\n\t\t\t\t\t\t<div class=\"elementor-element elementor-element-d560c3b elementor-widget elementor-widget-text-editor\" data-id=\"d560c3b\" data-element_type=\"widget\" data-widget_type=\"text-editor.default\">\n\t\t\t\t<div class=\"elementor-widget-container\">\n\t\t\t\t\t\t\t<h3>\u00a0<\/h3><h3><strong>Taller de fabricaci\u00f3:<\/strong><\/h3><p>Professionals amb \u00e0mplia experi\u00e8ncia duen a terme la fabricaci\u00f3 i el muntatge de les matrius amb la supervisi\u00f3 de l&#8217;equip t\u00e8cnic, aconseguint aix\u00ed desenvolupar cada projecte amb els requisits i terminis exigits pels nostres clients<\/p>\t\t\t\t\t\t<\/div>\n\t\t\t\t<\/div>\n\t\t\t\t\t<\/div>\n\t\t<\/div>\n\t\t\t\t\t<\/div>\n\t\t<\/section>\n\t\t\t\t<section class=\"elementor-section elementor-inner-section elementor-element elementor-element-9e02702 elementor-section-boxed elementor-section-height-default elementor-section-height-default\" data-id=\"9e02702\" data-element_type=\"section\">\n\t\t\t\t\t\t<div class=\"elementor-container elementor-column-gap-default\">\n\t\t\t\t\t<div class=\"elementor-column elementor-col-50 elementor-inner-column elementor-element elementor-element-882119e\" data-id=\"882119e\" data-element_type=\"column\">\n\t\t\t<div class=\"elementor-widget-wrap elementor-element-populated\">\n\t\t\t\t\t\t<div class=\"elementor-element elementor-element-8eb6233 elementor-widget elementor-widget-text-editor\" data-id=\"8eb6233\" data-element_type=\"widget\" data-widget_type=\"text-editor.default\">\n\t\t\t\t<div class=\"elementor-widget-container\">\n\t\t\t\t\t\t\t<p>Serveis:<br \/>&#8211; Estudi i disseny CAD-CAM<br \/>&#8211; Fabricaci\u00f3, reparaci\u00f3 i manteniment de matrius<br \/>&#8211; Disseny i fabricaci\u00f3 d&#8217;utillatges<br \/>&#8211; Fabricaci\u00f3 de prototips<\/p>\t\t\t\t\t\t<\/div>\n\t\t\t\t<\/div>\n\t\t\t\t\t<\/div>\n\t\t<\/div>\n\t\t\t\t<div class=\"elementor-column elementor-col-50 elementor-inner-column elementor-element elementor-element-8530f0c\" data-id=\"8530f0c\" data-element_type=\"column\">\n\t\t\t<div class=\"elementor-widget-wrap elementor-element-populated\">\n\t\t\t\t\t\t<div class=\"elementor-element elementor-element-c93a6e2 elementor-widget elementor-widget-text-editor\" data-id=\"c93a6e2\" data-element_type=\"widget\" data-widget_type=\"text-editor.default\">\n\t\t\t\t<div class=\"elementor-widget-container\">\n\t\t\t\t\t\t\t<p>Parc de maquin\u00e0ria:<br \/>&#8211; Electroerosi\u00f3 de tall per fil<br \/>&#8211; Electroerosi\u00f3 per penetraci\u00f3<br \/>&#8211; Centre de mecanitzat CNC<br \/>&#8211; Torns, rectificadores, fresadores.<\/p>\t\t\t\t\t\t<\/div>\n\t\t\t\t<\/div>\n\t\t\t\t\t<\/div>\n\t\t<\/div>\n\t\t\t\t\t<\/div>\n\t\t<\/section>\n\t\t\t\t\t<\/div>\n\t\t<\/div>\n\t\t\t\t\t<\/div>\n\t\t<\/section>\n\t\t\t\t<\/div>\n\t\t","protected":false},"excerpt":{"rendered":"<p>Matriceria Els nostres serveis Contacte Dilluns a divendres de 07 a 15h.93 770 19 3893 719 50 38naem@naem.es Direcci\u00f3 Miquel Servet, 37 Nave 3 Pol. Ind. Sesrovires08635 Sant Esteve Sesrovires (Barcelona) \u00a0 Oficina T\u00e8cnica: El nostre equip t\u00e8cnic disposa de tots els recursos i tecnologia per poder desenvolupar tots els projectes de principi a fi [&hellip;]<\/p>\n","protected":false},"author":1,"featured_media":0,"parent":0,"menu_order":0,"comment_status":"closed","ping_status":"closed","template":"template-home.php","meta":{"footnotes":""},"class_list":["post-3798","page","type-page","status-publish","hentry"],"yoast_head":"<!-- This site is optimized with the Yoast SEO plugin v24.0 - https:\/\/yoast.com\/wordpress\/plugins\/seo\/ -->\n<title>Fabricaci\u00f3 de matrius progressives | Naem<\/title>\n<meta name=\"description\" content=\"Fabricaci\u00f3 de matrius progressives - Empresa especialitzada en estampaci\u00f3 mitjan\u00e7ant matrius porgressives | Naem\" \/>\n<meta name=\"robots\" content=\"index, follow, max-snippet:-1, max-image-preview:large, max-video-preview:-1\" \/>\n<link rel=\"canonical\" href=\"https:\/\/www.naem.es\/ca\/matriceria-ca\/\" \/>\n<meta property=\"og:locale\" content=\"ca_ES\" \/>\n<meta property=\"og:type\" content=\"article\" \/>\n<meta property=\"og:title\" content=\"Fabricaci\u00f3 de matrius progressives | Naem\" \/>\n<meta property=\"og:description\" content=\"Fabricaci\u00f3 de matrius progressives - Empresa especialitzada en estampaci\u00f3 mitjan\u00e7ant matrius porgressives | Naem\" \/>\n<meta property=\"og:url\" content=\"https:\/\/www.naem.es\/ca\/matriceria-ca\/\" \/>\n<meta property=\"og:site_name\" content=\"Naem\" \/>\n<meta property=\"article:modified_time\" content=\"2023-12-18T08:04:09+00:00\" \/>\n<meta property=\"og:image\" content=\"http:\/\/85.208.23.146\/~narj5e3j\/wp-content\/uploads\/matriceria-pg-sup-01.jpg\" \/>\n<meta name=\"twitter:card\" content=\"summary_large_image\" \/>\n<meta name=\"twitter:label1\" content=\"Temps estimat de lectura\" \/>\n\t<meta name=\"twitter:data1\" content=\"3 minuts\" \/>\n<script type=\"application\/ld+json\" class=\"yoast-schema-graph\">{\"@context\":\"https:\/\/schema.org\",\"@graph\":[{\"@type\":\"WebPage\",\"@id\":\"https:\/\/www.naem.es\/ca\/matriceria-ca\/\",\"url\":\"https:\/\/www.naem.es\/ca\/matriceria-ca\/\",\"name\":\"Fabricaci\u00f3 de matrius progressives | Naem\",\"isPartOf\":{\"@id\":\"https:\/\/www.naem.es\/ca\/#website\"},\"primaryImageOfPage\":{\"@id\":\"https:\/\/www.naem.es\/ca\/matriceria-ca\/#primaryimage\"},\"image\":{\"@id\":\"https:\/\/www.naem.es\/ca\/matriceria-ca\/#primaryimage\"},\"thumbnailUrl\":\"http:\/\/85.208.23.146\/~narj5e3j\/wp-content\/uploads\/matriceria-pg-sup-01.jpg\",\"datePublished\":\"2023-11-28T16:10:06+00:00\",\"dateModified\":\"2023-12-18T08:04:09+00:00\",\"description\":\"Fabricaci\u00f3 de matrius progressives - Empresa especialitzada en estampaci\u00f3 mitjan\u00e7ant matrius porgressives | Naem\",\"breadcrumb\":{\"@id\":\"https:\/\/www.naem.es\/ca\/matriceria-ca\/#breadcrumb\"},\"inLanguage\":\"ca\",\"potentialAction\":[{\"@type\":\"ReadAction\",\"target\":[\"https:\/\/www.naem.es\/ca\/matriceria-ca\/\"]}]},{\"@type\":\"ImageObject\",\"inLanguage\":\"ca\",\"@id\":\"https:\/\/www.naem.es\/ca\/matriceria-ca\/#primaryimage\",\"url\":\"http:\/\/85.208.23.146\/~narj5e3j\/wp-content\/uploads\/matriceria-pg-sup-01.jpg\",\"contentUrl\":\"http:\/\/85.208.23.146\/~narj5e3j\/wp-content\/uploads\/matriceria-pg-sup-01.jpg\"},{\"@type\":\"BreadcrumbList\",\"@id\":\"https:\/\/www.naem.es\/ca\/matriceria-ca\/#breadcrumb\",\"itemListElement\":[{\"@type\":\"ListItem\",\"position\":1,\"name\":\"Portada\",\"item\":\"https:\/\/www.naem.es\/ca\/\"},{\"@type\":\"ListItem\",\"position\":2,\"name\":\"Matriceria\"}]},{\"@type\":\"WebSite\",\"@id\":\"https:\/\/www.naem.es\/ca\/#website\",\"url\":\"https:\/\/www.naem.es\/ca\/\",\"name\":\"Naem\",\"description\":\"\",\"potentialAction\":[{\"@type\":\"SearchAction\",\"target\":{\"@type\":\"EntryPoint\",\"urlTemplate\":\"https:\/\/www.naem.es\/ca\/?s={search_term_string}\"},\"query-input\":{\"@type\":\"PropertyValueSpecification\",\"valueRequired\":true,\"valueName\":\"search_term_string\"}}],\"inLanguage\":\"ca\"}]}<\/script>\n<!-- \/ Yoast SEO plugin. -->","yoast_head_json":{"title":"Fabricaci\u00f3 de matrius progressives | Naem","description":"Fabricaci\u00f3 de matrius progressives - Empresa especialitzada en estampaci\u00f3 mitjan\u00e7ant matrius porgressives | Naem","robots":{"index":"index","follow":"follow","max-snippet":"max-snippet:-1","max-image-preview":"max-image-preview:large","max-video-preview":"max-video-preview:-1"},"canonical":"https:\/\/www.naem.es\/ca\/matriceria-ca\/","og_locale":"ca_ES","og_type":"article","og_title":"Fabricaci\u00f3 de matrius progressives | Naem","og_description":"Fabricaci\u00f3 de matrius progressives - Empresa especialitzada en estampaci\u00f3 mitjan\u00e7ant matrius porgressives | Naem","og_url":"https:\/\/www.naem.es\/ca\/matriceria-ca\/","og_site_name":"Naem","article_modified_time":"2023-12-18T08:04:09+00:00","og_image":[{"url":"http:\/\/85.208.23.146\/~narj5e3j\/wp-content\/uploads\/matriceria-pg-sup-01.jpg","type":"","width":"","height":""}],"twitter_card":"summary_large_image","twitter_misc":{"Temps estimat de lectura":"3 minuts"},"schema":{"@context":"https:\/\/schema.org","@graph":[{"@type":"WebPage","@id":"https:\/\/www.naem.es\/ca\/matriceria-ca\/","url":"https:\/\/www.naem.es\/ca\/matriceria-ca\/","name":"Fabricaci\u00f3 de matrius progressives | Naem","isPartOf":{"@id":"https:\/\/www.naem.es\/ca\/#website"},"primaryImageOfPage":{"@id":"https:\/\/www.naem.es\/ca\/matriceria-ca\/#primaryimage"},"image":{"@id":"https:\/\/www.naem.es\/ca\/matriceria-ca\/#primaryimage"},"thumbnailUrl":"http:\/\/85.208.23.146\/~narj5e3j\/wp-content\/uploads\/matriceria-pg-sup-01.jpg","datePublished":"2023-11-28T16:10:06+00:00","dateModified":"2023-12-18T08:04:09+00:00","description":"Fabricaci\u00f3 de matrius progressives - Empresa especialitzada en estampaci\u00f3 mitjan\u00e7ant matrius porgressives | Naem","breadcrumb":{"@id":"https:\/\/www.naem.es\/ca\/matriceria-ca\/#breadcrumb"},"inLanguage":"ca","potentialAction":[{"@type":"ReadAction","target":["https:\/\/www.naem.es\/ca\/matriceria-ca\/"]}]},{"@type":"ImageObject","inLanguage":"ca","@id":"https:\/\/www.naem.es\/ca\/matriceria-ca\/#primaryimage","url":"http:\/\/85.208.23.146\/~narj5e3j\/wp-content\/uploads\/matriceria-pg-sup-01.jpg","contentUrl":"http:\/\/85.208.23.146\/~narj5e3j\/wp-content\/uploads\/matriceria-pg-sup-01.jpg"},{"@type":"BreadcrumbList","@id":"https:\/\/www.naem.es\/ca\/matriceria-ca\/#breadcrumb","itemListElement":[{"@type":"ListItem","position":1,"name":"Portada","item":"https:\/\/www.naem.es\/ca\/"},{"@type":"ListItem","position":2,"name":"Matriceria"}]},{"@type":"WebSite","@id":"https:\/\/www.naem.es\/ca\/#website","url":"https:\/\/www.naem.es\/ca\/","name":"Naem","description":"","potentialAction":[{"@type":"SearchAction","target":{"@type":"EntryPoint","urlTemplate":"https:\/\/www.naem.es\/ca\/?s={search_term_string}"},"query-input":{"@type":"PropertyValueSpecification","valueRequired":true,"valueName":"search_term_string"}}],"inLanguage":"ca"}]}},"_links":{"self":[{"href":"https:\/\/www.naem.es\/ca\/wp-json\/wp\/v2\/pages\/3798","targetHints":{"allow":["GET"]}}],"collection":[{"href":"https:\/\/www.naem.es\/ca\/wp-json\/wp\/v2\/pages"}],"about":[{"href":"https:\/\/www.naem.es\/ca\/wp-json\/wp\/v2\/types\/page"}],"author":[{"embeddable":true,"href":"https:\/\/www.naem.es\/ca\/wp-json\/wp\/v2\/users\/1"}],"replies":[{"embeddable":true,"href":"https:\/\/www.naem.es\/ca\/wp-json\/wp\/v2\/comments?post=3798"}],"version-history":[{"count":9,"href":"https:\/\/www.naem.es\/ca\/wp-json\/wp\/v2\/pages\/3798\/revisions"}],"predecessor-version":[{"id":4019,"href":"https:\/\/www.naem.es\/ca\/wp-json\/wp\/v2\/pages\/3798\/revisions\/4019"}],"wp:attachment":[{"href":"https:\/\/www.naem.es\/ca\/wp-json\/wp\/v2\/media?parent=3798"}],"curies":[{"name":"wp","href":"https:\/\/api.w.org\/{rel}","templated":true}]}}