{"id":3802,"date":"2023-11-28T16:49:12","date_gmt":"2023-11-28T15:49:12","guid":{"rendered":"http:\/\/85.208.23.146\/~narj5e3j\/ensamblaje\/"},"modified":"2023-12-18T09:13:28","modified_gmt":"2023-12-18T08:13:28","slug":"assemblatge","status":"publish","type":"page","link":"https:\/\/www.naem.es\/ca\/assemblatge\/","title":{"rendered":"Assemblatge"},"content":{"rendered":"\t\t<div data-elementor-type=\"wp-page\" data-elementor-id=\"3802\" class=\"elementor elementor-3802 elementor-3007\" data-elementor-post-type=\"page\">\n\t\t\t\t\t\t<section class=\"elementor-section elementor-top-section elementor-element elementor-element-8fcd753 elementor-section-full_width elementor-section-height-default elementor-section-height-default\" data-id=\"8fcd753\" data-element_type=\"section\">\n\t\t\t\t\t\t<div class=\"elementor-container elementor-column-gap-default\">\n\t\t\t\t\t<div class=\"elementor-column elementor-col-100 elementor-top-column elementor-element elementor-element-15a2864 leftcol-servicios\" data-id=\"15a2864\" data-element_type=\"column\">\n\t\t\t<div class=\"elementor-widget-wrap elementor-element-populated\">\n\t\t\t\t\t\t<div class=\"elementor-element elementor-element-b7c47e1 elementor-widget elementor-widget-witr_section_title\" data-id=\"b7c47e1\" data-element_type=\"widget\" data-widget_type=\"witr_section_title.default\">\n\t\t\t\t<div class=\"elementor-widget-container\">\n\t\t\t\t\t\t\t\t<!-- title center -->\n\t\t\t\t\t<div class=\"witr_section_title\">\n\t\t\t\t\t\t<div class=\"witr_section_title_inner text-center\">\n\t\t\t\t\t\t\n\t\t\t\t\t\t\t<!--<div class=\"witr_title_lines\"><span class=\"witr_line_shaps\"><span class=\"witr_shape_dv\">Divider <i aria-hidden=\"true\" class=\"fas fa-star\"><\/i><\/span><\/span><\/div>-->\n\t\t\t\t\t\t\t<!-- icon position -->\n\t\t\t\t\t\t\t\t\n\t\t\t\t\t\t\t<!-- end icon position -->\n\t\t\t\t\t\t\t\n\t\t\t\t\t\t\n\t\t\t\t\t\t\t<!-- title top -->\n\t\t\t\t\t\t\t\n\n\t\t\t\t\t\t\t<!-- icon position -->\n\t\t\t\t\t\t\t\t\n\t\t\t\t\t\t\t<!-- end icon position -->\n\n\n\t\t\t\t\t\t\t\n\t\t\t\t\t\t\t<!-- title middle -->\n\t\t\t\t\t\t\t\t\t\t\t\t\t\t\t<h3>Assemblatge<\/h3>\t\t\n\t\t\t\t\t\t\t\t\t\t\t\t\t\t<!-- title bottom -->\n\t\t\t\t\t\t\t\n\t\t\t\t\t\t\t\n\t\t\t\t\t\t\t\n\t\t\t\t\t\t\t\t\t\t\t\t\t\t\n\t\t\t\t\t\t\t<!-- image -->\n\t\t\t\t\t\t\t\t\t\t\t\t\t\t<!-- icon -->\n\t\t\t\t\t\t\t\t\t\t\t\t\t\t\n\t\t\t\t\t\t\t<!-- bar -->\n\t\t\t\t\t\t\t\n\t\t\t\t\t\t\t\n\t\t\t\t\t\t\t\t\n\t\t\t\t\t\t\t\n\t\t\t\t\t\t\t\n\t\t\t\t\t\t\t\n\t\t\t\t\t\t\t\n\t\t\t\t\t\t\t\n\t\t\t\t\t\t\t\n\t\t\t\t\t\t\t\n\t\t\t\t\t\t\t\n\t\t\t\t\t\t\t<!-- content -->\n\t\t\t\t\t\t\t\t\t\t\t\t\t\t\n\t\t\t\t\t\t<\/div>\n\t\t\t\t\t\t\t<!-- inner title -->\n\t\t\t\t\t\t\t\t\t\t\t\t\t\n\t\t\t\t\t<\/div>\n\n\t\t\t\t\t\t<\/div>\n\t\t\t\t<\/div>\n\t\t\t\t\t<\/div>\n\t\t<\/div>\n\t\t\t\t\t<\/div>\n\t\t<\/section>\n\t\t\t\t<section class=\"elementor-section elementor-top-section elementor-element elementor-element-283d81c elementor-section-full_width elementor-section-height-default elementor-section-height-default\" data-id=\"283d81c\" data-element_type=\"section\">\n\t\t\t\t\t\t<div class=\"elementor-container elementor-column-gap-default\">\n\t\t\t\t\t<div class=\"elementor-column elementor-col-50 elementor-top-column elementor-element elementor-element-23530a9 leftcol-servicios\" data-id=\"23530a9\" data-element_type=\"column\" data-settings=\"{&quot;background_background&quot;:&quot;classic&quot;}\">\n\t\t\t<div class=\"elementor-widget-wrap elementor-element-populated\">\n\t\t\t\t\t\t<div class=\"elementor-element elementor-element-23d4dc8 elementor-widget elementor-widget-heading\" data-id=\"23d4dc8\" data-element_type=\"widget\" data-widget_type=\"heading.default\">\n\t\t\t\t<div class=\"elementor-widget-container\">\n\t\t\t<h2 class=\"elementor-heading-title elementor-size-default\">Els nostres serveis<\/h2>\t\t<\/div>\n\t\t\t\t<\/div>\n\t\t\t\t<div class=\"elementor-element elementor-element-fc10e9e elementor-nav-menu__align-center elementor-nav-menu--dropdown-none elementor-widget elementor-widget-nav-menu\" data-id=\"fc10e9e\" data-element_type=\"widget\" data-settings=\"{&quot;layout&quot;:&quot;vertical&quot;,&quot;submenu_icon&quot;:{&quot;value&quot;:&quot;&lt;i class=\\&quot;fas fa-caret-down\\&quot;&gt;&lt;\\\/i&gt;&quot;,&quot;library&quot;:&quot;fa-solid&quot;}}\" data-widget_type=\"nav-menu.default\">\n\t\t\t\t<div class=\"elementor-widget-container\">\n\t\t\t\t\t\t<nav aria-label=\"Menu\" class=\"elementor-nav-menu--main elementor-nav-menu__container elementor-nav-menu--layout-vertical e--pointer-none\">\n\t\t\t\t<ul id=\"menu-1-fc10e9e\" class=\"elementor-nav-menu sm-vertical\"><li class=\"menu-item menu-item-type-post_type menu-item-object-page menu-item-3826\"><a href=\"https:\/\/www.naem.es\/ca\/matriceria-ca\/\" class=\"elementor-item\">Matriceria<\/a><\/li>\n<li class=\"menu-item menu-item-type-post_type menu-item-object-page menu-item-3829\"><a href=\"https:\/\/www.naem.es\/ca\/estampacio\/\" class=\"elementor-item\">Estampaci\u00f3<\/a><\/li>\n<li class=\"menu-item menu-item-type-post_type menu-item-object-page menu-item-3828\"><a href=\"https:\/\/www.naem.es\/ca\/assemblatge\/\" class=\"elementor-item\">Assemblatge<\/a><\/li>\n<li class=\"menu-item menu-item-type-post_type menu-item-object-page menu-item-3827\"><a href=\"https:\/\/www.naem.es\/ca\/picking-i-logistica\/\" class=\"elementor-item\">Picking i log\u00edstica<\/a><\/li>\n<\/ul>\t\t\t<\/nav>\n\t\t\t\t\t\t<nav class=\"elementor-nav-menu--dropdown elementor-nav-menu__container\" aria-hidden=\"true\">\n\t\t\t\t<ul id=\"menu-2-fc10e9e\" class=\"elementor-nav-menu sm-vertical\"><li class=\"menu-item menu-item-type-post_type menu-item-object-page menu-item-3826\"><a href=\"https:\/\/www.naem.es\/ca\/matriceria-ca\/\" class=\"elementor-item\" tabindex=\"-1\">Matriceria<\/a><\/li>\n<li class=\"menu-item menu-item-type-post_type menu-item-object-page menu-item-3829\"><a href=\"https:\/\/www.naem.es\/ca\/estampacio\/\" class=\"elementor-item\" tabindex=\"-1\">Estampaci\u00f3<\/a><\/li>\n<li class=\"menu-item menu-item-type-post_type menu-item-object-page menu-item-3828\"><a href=\"https:\/\/www.naem.es\/ca\/assemblatge\/\" class=\"elementor-item\" tabindex=\"-1\">Assemblatge<\/a><\/li>\n<li class=\"menu-item menu-item-type-post_type menu-item-object-page menu-item-3827\"><a href=\"https:\/\/www.naem.es\/ca\/picking-i-logistica\/\" class=\"elementor-item\" tabindex=\"-1\">Picking i log\u00edstica<\/a><\/li>\n<\/ul>\t\t\t<\/nav>\n\t\t\t\t<\/div>\n\t\t\t\t<\/div>\n\t\t\t\t<div class=\"elementor-element elementor-element-f1ec585 elementor-widget elementor-widget-text-editor\" data-id=\"f1ec585\" data-element_type=\"widget\" data-widget_type=\"text-editor.default\">\n\t\t\t\t<div class=\"elementor-widget-container\">\n\t\t\t\t\t\t\t<h3>Contacte<\/h3><p>Dilluns a divendres de 07 a 15h.<br \/>93 770 19 38<br \/>93 719 50 38<br \/>naem@naem.es<\/p><h3>Direcci\u00f3<\/h3><p>Miquel Servet, 37 Nave 3 Pol. Ind. Sesrovires<br \/>08635 Sant Esteve Sesrovires (Barcelona)<\/p>\t\t\t\t\t\t<\/div>\n\t\t\t\t<\/div>\n\t\t\t\t<div class=\"elementor-element elementor-element-dc42d3a elementor-widget elementor-widget-google_maps\" data-id=\"dc42d3a\" data-element_type=\"widget\" data-widget_type=\"google_maps.default\">\n\t\t\t\t<div class=\"elementor-widget-container\">\n\t\t\t\t\t<div class=\"elementor-custom-embed\">\n\t\t\t<iframe loading=\"lazy\"\n\t\t\t\t\tsrc=\"https:\/\/maps.google.com\/maps?q=naem%20s.l.&#038;t=m&#038;z=10&#038;output=embed&#038;iwloc=near\"\n\t\t\t\t\ttitle=\"naem s.l.\"\n\t\t\t\t\taria-label=\"naem s.l.\"\n\t\t\t><\/iframe>\n\t\t<\/div>\n\t\t\t\t<\/div>\n\t\t\t\t<\/div>\n\t\t\t\t\t<\/div>\n\t\t<\/div>\n\t\t\t\t<div class=\"elementor-column elementor-col-50 elementor-top-column elementor-element elementor-element-67a3f09 servicios-column\" data-id=\"67a3f09\" data-element_type=\"column\">\n\t\t\t<div class=\"elementor-widget-wrap elementor-element-populated\">\n\t\t\t\t\t\t<section class=\"elementor-section elementor-inner-section elementor-element elementor-element-9495a08 elementor-section-full_width elementor-section-height-default elementor-section-height-default\" data-id=\"9495a08\" data-element_type=\"section\">\n\t\t\t\t\t\t<div class=\"elementor-container elementor-column-gap-default\">\n\t\t\t\t\t<div class=\"elementor-column elementor-col-100 elementor-inner-column elementor-element elementor-element-46923ac\" data-id=\"46923ac\" data-element_type=\"column\">\n\t\t\t<div class=\"elementor-widget-wrap elementor-element-populated\">\n\t\t\t\t\t\t<div class=\"elementor-element elementor-element-adf5d43 elementor-arrows-position-inside elementor-pagination-position-outside elementor-widget elementor-widget-image-carousel\" data-id=\"adf5d43\" data-element_type=\"widget\" data-settings=\"{&quot;slides_to_show&quot;:&quot;1&quot;,&quot;navigation&quot;:&quot;both&quot;,&quot;autoplay&quot;:&quot;yes&quot;,&quot;pause_on_hover&quot;:&quot;yes&quot;,&quot;pause_on_interaction&quot;:&quot;yes&quot;,&quot;autoplay_speed&quot;:5000,&quot;infinite&quot;:&quot;yes&quot;,&quot;effect&quot;:&quot;slide&quot;,&quot;speed&quot;:500}\" data-widget_type=\"image-carousel.default\">\n\t\t\t\t<div class=\"elementor-widget-container\">\n\t\t\t\t\t<div class=\"elementor-image-carousel-wrapper swiper\" dir=\"ltr\">\n\t\t\t<div class=\"elementor-image-carousel swiper-wrapper\" aria-live=\"off\">\n\t\t\t\t\t\t\t\t<div class=\"swiper-slide\" role=\"group\" aria-roledescription=\"slide\" aria-label=\"1 de 3\"><figure class=\"swiper-slide-inner\"><img decoding=\"async\" class=\"swiper-slide-image\" src=\"https:\/\/www.naem.es\/wp-content\/uploads\/ensamblaje-slide-003-1.jpg\" alt=\"ensamblaje-slide-003\" \/><\/figure><\/div><div class=\"swiper-slide\" role=\"group\" aria-roledescription=\"slide\" aria-label=\"2 de 3\"><figure class=\"swiper-slide-inner\"><img decoding=\"async\" class=\"swiper-slide-image\" src=\"https:\/\/www.naem.es\/wp-content\/uploads\/ensamblaje-slide-001-1.jpg\" alt=\"ensamblaje-slide-001\" \/><\/figure><\/div><div class=\"swiper-slide\" role=\"group\" aria-roledescription=\"slide\" aria-label=\"3 de 3\"><figure class=\"swiper-slide-inner\"><img decoding=\"async\" class=\"swiper-slide-image\" src=\"https:\/\/www.naem.es\/wp-content\/uploads\/ensamblaje-slide-002-1.jpg\" alt=\"ensamblaje-slide-002\" \/><\/figure><\/div>\t\t\t<\/div>\n\t\t\t\t\t\t\t\t\t\t\t\t<div class=\"elementor-swiper-button elementor-swiper-button-prev\" role=\"button\" tabindex=\"0\">\n\t\t\t\t\t\t<i aria-hidden=\"true\" class=\"eicon-chevron-left\"><\/i>\t\t\t\t\t<\/div>\n\t\t\t\t\t<div class=\"elementor-swiper-button elementor-swiper-button-next\" role=\"button\" tabindex=\"0\">\n\t\t\t\t\t\t<i aria-hidden=\"true\" class=\"eicon-chevron-right\"><\/i>\t\t\t\t\t<\/div>\n\t\t\t\t\n\t\t\t\t\t\t\t\t\t<div class=\"swiper-pagination\"><\/div>\n\t\t\t\t\t\t\t\t\t<\/div>\n\t\t\t\t<\/div>\n\t\t\t\t<\/div>\n\t\t\t\t\t<\/div>\n\t\t<\/div>\n\t\t\t\t\t<\/div>\n\t\t<\/section>\n\t\t\t\t<div class=\"elementor-element elementor-element-36bdd63 elementor-widget elementor-widget-text-editor\" data-id=\"36bdd63\" data-element_type=\"widget\" data-widget_type=\"text-editor.default\">\n\t\t\t\t<div class=\"elementor-widget-container\">\n\t\t\t\t\t\t\t<p>A la secci\u00f3 d\u2019assemblatge disposem de m\u00e0quina de <strong>soldadura per punts<\/strong>, m\u00e0quines de\u00a0<strong>roscar autom\u00e0tiques<\/strong>, m\u00e0quines\u00a0<strong>cargoladores<\/strong>\u00a0d\u2019accionament pneum\u00e0tic, aix\u00ed com diferents utillatges fabricats expressament per al muntatge de peces especials, podent aix\u00ed cobrir els requeriments dels nostres clients.<\/p>\t\t\t\t\t\t<\/div>\n\t\t\t\t<\/div>\n\t\t\t\t<div class=\"elementor-element elementor-element-6e3a724 gallery-spacing-custom elementor-widget elementor-widget-image-gallery\" data-id=\"6e3a724\" data-element_type=\"widget\" data-widget_type=\"image-gallery.default\">\n\t\t\t\t<div class=\"elementor-widget-container\">\n\t\t\t\t\t<div class=\"elementor-image-gallery\">\n\t\t\t<div id='gallery-1' class='gallery galleryid-3802 gallery-columns-3 gallery-size-full'><figure class='gallery-item'>\n\t\t\t<div class='gallery-icon landscape'>\n\t\t\t\t<a data-elementor-open-lightbox=\"yes\" data-elementor-lightbox-slideshow=\"6e3a724\" data-elementor-lightbox-title=\"ensamblaje-001\" data-e-action-hash=\"#elementor-action%3Aaction%3Dlightbox%26settings%3DeyJpZCI6MzAxMiwidXJsIjoiaHR0cHM6XC9cL3d3dy5uYWVtLmVzXC93cC1jb250ZW50XC91cGxvYWRzXC9lbnNhbWJsYWplLTAwMS5qcGciLCJzbGlkZXNob3ciOiI2ZTNhNzI0In0%3D\" href='https:\/\/www.naem.es\/wp-content\/uploads\/ensamblaje-001.jpg'><img fetchpriority=\"high\" decoding=\"async\" width=\"800\" height=\"600\" src=\"https:\/\/www.naem.es\/wp-content\/uploads\/ensamblaje-001.jpg\" class=\"attachment-full size-full\" alt=\"\" srcset=\"https:\/\/www.naem.es\/wp-content\/uploads\/ensamblaje-001.jpg 800w, https:\/\/www.naem.es\/wp-content\/uploads\/ensamblaje-001-600x450.jpg 600w, https:\/\/www.naem.es\/wp-content\/uploads\/ensamblaje-001-768x576.jpg 768w\" sizes=\"(max-width: 800px) 100vw, 800px\" \/><\/a>\n\t\t\t<\/div><\/figure><figure class='gallery-item'>\n\t\t\t<div class='gallery-icon landscape'>\n\t\t\t\t<a data-elementor-open-lightbox=\"yes\" data-elementor-lightbox-slideshow=\"6e3a724\" data-elementor-lightbox-title=\"ensamblaje-002\" data-e-action-hash=\"#elementor-action%3Aaction%3Dlightbox%26settings%3DeyJpZCI6MzAxNSwidXJsIjoiaHR0cHM6XC9cL3d3dy5uYWVtLmVzXC93cC1jb250ZW50XC91cGxvYWRzXC9lbnNhbWJsYWplLTAwMi5qcGciLCJzbGlkZXNob3ciOiI2ZTNhNzI0In0%3D\" href='https:\/\/www.naem.es\/wp-content\/uploads\/ensamblaje-002.jpg'><img decoding=\"async\" width=\"800\" height=\"600\" src=\"https:\/\/www.naem.es\/wp-content\/uploads\/ensamblaje-002.jpg\" class=\"attachment-full size-full\" alt=\"\" srcset=\"https:\/\/www.naem.es\/wp-content\/uploads\/ensamblaje-002.jpg 800w, https:\/\/www.naem.es\/wp-content\/uploads\/ensamblaje-002-600x450.jpg 600w, https:\/\/www.naem.es\/wp-content\/uploads\/ensamblaje-002-768x576.jpg 768w\" sizes=\"(max-width: 800px) 100vw, 800px\" \/><\/a>\n\t\t\t<\/div><\/figure><figure class='gallery-item'>\n\t\t\t<div class='gallery-icon landscape'>\n\t\t\t\t<a data-elementor-open-lightbox=\"yes\" data-elementor-lightbox-slideshow=\"6e3a724\" data-elementor-lightbox-title=\"ensamblaje-003\" data-e-action-hash=\"#elementor-action%3Aaction%3Dlightbox%26settings%3DeyJpZCI6MzAxOCwidXJsIjoiaHR0cHM6XC9cL3d3dy5uYWVtLmVzXC93cC1jb250ZW50XC91cGxvYWRzXC9lbnNhbWJsYWplLTAwMy5qcGciLCJzbGlkZXNob3ciOiI2ZTNhNzI0In0%3D\" href='https:\/\/www.naem.es\/wp-content\/uploads\/ensamblaje-003.jpg'><img decoding=\"async\" width=\"1030\" height=\"638\" src=\"https:\/\/www.naem.es\/wp-content\/uploads\/ensamblaje-003.jpg\" class=\"attachment-full size-full\" alt=\"\" srcset=\"https:\/\/www.naem.es\/wp-content\/uploads\/ensamblaje-003.jpg 1030w, https:\/\/www.naem.es\/wp-content\/uploads\/ensamblaje-003-600x372.jpg 600w, https:\/\/www.naem.es\/wp-content\/uploads\/ensamblaje-003-768x476.jpg 768w\" sizes=\"(max-width: 1030px) 100vw, 1030px\" \/><\/a>\n\t\t\t<\/div><\/figure><figure class='gallery-item'>\n\t\t\t<div class='gallery-icon landscape'>\n\t\t\t\t<a data-elementor-open-lightbox=\"yes\" data-elementor-lightbox-slideshow=\"6e3a724\" data-elementor-lightbox-title=\"ensamblaje-004\" data-e-action-hash=\"#elementor-action%3Aaction%3Dlightbox%26settings%3DeyJpZCI6MzAyMSwidXJsIjoiaHR0cHM6XC9cL3d3dy5uYWVtLmVzXC93cC1jb250ZW50XC91cGxvYWRzXC9lbnNhbWJsYWplLTAwNC5qcGciLCJzbGlkZXNob3ciOiI2ZTNhNzI0In0%3D\" href='https:\/\/www.naem.es\/wp-content\/uploads\/ensamblaje-004.jpg'><img loading=\"lazy\" decoding=\"async\" width=\"800\" height=\"600\" src=\"https:\/\/www.naem.es\/wp-content\/uploads\/ensamblaje-004.jpg\" class=\"attachment-full size-full\" alt=\"\" srcset=\"https:\/\/www.naem.es\/wp-content\/uploads\/ensamblaje-004.jpg 800w, https:\/\/www.naem.es\/wp-content\/uploads\/ensamblaje-004-600x450.jpg 600w, https:\/\/www.naem.es\/wp-content\/uploads\/ensamblaje-004-768x576.jpg 768w\" sizes=\"(max-width: 800px) 100vw, 800px\" \/><\/a>\n\t\t\t<\/div><\/figure><figure class='gallery-item'>\n\t\t\t<div class='gallery-icon landscape'>\n\t\t\t\t<a data-elementor-open-lightbox=\"yes\" data-elementor-lightbox-slideshow=\"6e3a724\" data-elementor-lightbox-title=\"ensamblaje-005\" data-e-action-hash=\"#elementor-action%3Aaction%3Dlightbox%26settings%3DeyJpZCI6MzAyNCwidXJsIjoiaHR0cHM6XC9cL3d3dy5uYWVtLmVzXC93cC1jb250ZW50XC91cGxvYWRzXC9lbnNhbWJsYWplLTAwNS5qcGciLCJzbGlkZXNob3ciOiI2ZTNhNzI0In0%3D\" href='https:\/\/www.naem.es\/wp-content\/uploads\/ensamblaje-005.jpg'><img loading=\"lazy\" decoding=\"async\" width=\"800\" height=\"600\" src=\"https:\/\/www.naem.es\/wp-content\/uploads\/ensamblaje-005.jpg\" class=\"attachment-full size-full\" alt=\"\" srcset=\"https:\/\/www.naem.es\/wp-content\/uploads\/ensamblaje-005.jpg 800w, https:\/\/www.naem.es\/wp-content\/uploads\/ensamblaje-005-600x450.jpg 600w, https:\/\/www.naem.es\/wp-content\/uploads\/ensamblaje-005-768x576.jpg 768w\" sizes=\"(max-width: 800px) 100vw, 800px\" \/><\/a>\n\t\t\t<\/div><\/figure><figure class='gallery-item'>\n\t\t\t<div class='gallery-icon landscape'>\n\t\t\t\t<a data-elementor-open-lightbox=\"yes\" data-elementor-lightbox-slideshow=\"6e3a724\" data-elementor-lightbox-title=\"ensamblaje-006\" data-e-action-hash=\"#elementor-action%3Aaction%3Dlightbox%26settings%3DeyJpZCI6MzAyNywidXJsIjoiaHR0cHM6XC9cL3d3dy5uYWVtLmVzXC93cC1jb250ZW50XC91cGxvYWRzXC9lbnNhbWJsYWplLTAwNi5qcGciLCJzbGlkZXNob3ciOiI2ZTNhNzI0In0%3D\" href='https:\/\/www.naem.es\/wp-content\/uploads\/ensamblaje-006.jpg'><img loading=\"lazy\" decoding=\"async\" width=\"800\" height=\"600\" src=\"https:\/\/www.naem.es\/wp-content\/uploads\/ensamblaje-006.jpg\" class=\"attachment-full size-full\" alt=\"\" srcset=\"https:\/\/www.naem.es\/wp-content\/uploads\/ensamblaje-006.jpg 800w, https:\/\/www.naem.es\/wp-content\/uploads\/ensamblaje-006-600x450.jpg 600w, https:\/\/www.naem.es\/wp-content\/uploads\/ensamblaje-006-768x576.jpg 768w\" sizes=\"(max-width: 800px) 100vw, 800px\" \/><\/a>\n\t\t\t<\/div><\/figure>\n\t\t<\/div>\n\t\t<\/div>\n\t\t\t\t<\/div>\n\t\t\t\t<\/div>\n\t\t\t\t\t<\/div>\n\t\t<\/div>\n\t\t\t\t\t<\/div>\n\t\t<\/section>\n\t\t\t\t<\/div>\n\t\t","protected":false},"excerpt":{"rendered":"<p>Assemblatge Els nostres serveis Contacte Dilluns a divendres de 07 a 15h.93 770 19 3893 719 50 38naem@naem.es Direcci\u00f3 Miquel Servet, 37 Nave 3 Pol. Ind. Sesrovires08635 Sant Esteve Sesrovires (Barcelona) A la secci\u00f3 d\u2019assemblatge disposem de m\u00e0quina de soldadura per punts, m\u00e0quines de\u00a0roscar autom\u00e0tiques, m\u00e0quines\u00a0cargoladores\u00a0d\u2019accionament pneum\u00e0tic, aix\u00ed com diferents utillatges fabricats expressament per al [&hellip;]<\/p>\n","protected":false},"author":1,"featured_media":0,"parent":0,"menu_order":0,"comment_status":"closed","ping_status":"closed","template":"template-home.php","meta":{"footnotes":""},"class_list":["post-3802","page","type-page","status-publish","hentry"],"yoast_head":"<!-- This site is optimized with the Yoast SEO plugin v24.0 - https:\/\/yoast.com\/wordpress\/plugins\/seo\/ -->\n<title>Assemblatge de peces | Naem<\/title>\n<meta name=\"description\" content=\"Assemblatge de peces - Maquin\u00e0ria i l\u00ednies de muntatge per a assemblatge de peces | Naem\" \/>\n<meta name=\"robots\" content=\"index, follow, max-snippet:-1, max-image-preview:large, max-video-preview:-1\" \/>\n<link rel=\"canonical\" href=\"https:\/\/www.naem.es\/ca\/assemblatge\/\" \/>\n<meta property=\"og:locale\" content=\"ca_ES\" \/>\n<meta property=\"og:type\" content=\"article\" \/>\n<meta property=\"og:title\" content=\"Assemblatge de peces | Naem\" \/>\n<meta property=\"og:description\" content=\"Assemblatge de peces - Maquin\u00e0ria i l\u00ednies de muntatge per a assemblatge de peces | Naem\" \/>\n<meta property=\"og:url\" content=\"https:\/\/www.naem.es\/ca\/assemblatge\/\" \/>\n<meta property=\"og:site_name\" content=\"Naem\" \/>\n<meta property=\"article:modified_time\" content=\"2023-12-18T08:13:28+00:00\" \/>\n<meta property=\"og:image\" content=\"http:\/\/85.208.23.146\/~narj5e3j\/wp-content\/uploads\/ensamblaje-slide-003-1.jpg\" \/>\n<meta name=\"twitter:card\" content=\"summary_large_image\" \/>\n<meta name=\"twitter:label1\" content=\"Temps estimat de lectura\" \/>\n\t<meta name=\"twitter:data1\" content=\"3 minuts\" \/>\n<script type=\"application\/ld+json\" class=\"yoast-schema-graph\">{\"@context\":\"https:\/\/schema.org\",\"@graph\":[{\"@type\":\"WebPage\",\"@id\":\"https:\/\/www.naem.es\/ca\/assemblatge\/\",\"url\":\"https:\/\/www.naem.es\/ca\/assemblatge\/\",\"name\":\"Assemblatge de peces | Naem\",\"isPartOf\":{\"@id\":\"https:\/\/www.naem.es\/ca\/#website\"},\"primaryImageOfPage\":{\"@id\":\"https:\/\/www.naem.es\/ca\/assemblatge\/#primaryimage\"},\"image\":{\"@id\":\"https:\/\/www.naem.es\/ca\/assemblatge\/#primaryimage\"},\"thumbnailUrl\":\"http:\/\/85.208.23.146\/~narj5e3j\/wp-content\/uploads\/ensamblaje-slide-003-1.jpg\",\"datePublished\":\"2023-11-28T15:49:12+00:00\",\"dateModified\":\"2023-12-18T08:13:28+00:00\",\"description\":\"Assemblatge de peces - Maquin\u00e0ria i l\u00ednies de muntatge per a assemblatge de peces | Naem\",\"breadcrumb\":{\"@id\":\"https:\/\/www.naem.es\/ca\/assemblatge\/#breadcrumb\"},\"inLanguage\":\"ca\",\"potentialAction\":[{\"@type\":\"ReadAction\",\"target\":[\"https:\/\/www.naem.es\/ca\/assemblatge\/\"]}]},{\"@type\":\"ImageObject\",\"inLanguage\":\"ca\",\"@id\":\"https:\/\/www.naem.es\/ca\/assemblatge\/#primaryimage\",\"url\":\"http:\/\/85.208.23.146\/~narj5e3j\/wp-content\/uploads\/ensamblaje-slide-003-1.jpg\",\"contentUrl\":\"http:\/\/85.208.23.146\/~narj5e3j\/wp-content\/uploads\/ensamblaje-slide-003-1.jpg\"},{\"@type\":\"BreadcrumbList\",\"@id\":\"https:\/\/www.naem.es\/ca\/assemblatge\/#breadcrumb\",\"itemListElement\":[{\"@type\":\"ListItem\",\"position\":1,\"name\":\"Portada\",\"item\":\"https:\/\/www.naem.es\/ca\/\"},{\"@type\":\"ListItem\",\"position\":2,\"name\":\"Assemblatge\"}]},{\"@type\":\"WebSite\",\"@id\":\"https:\/\/www.naem.es\/ca\/#website\",\"url\":\"https:\/\/www.naem.es\/ca\/\",\"name\":\"Naem\",\"description\":\"\",\"potentialAction\":[{\"@type\":\"SearchAction\",\"target\":{\"@type\":\"EntryPoint\",\"urlTemplate\":\"https:\/\/www.naem.es\/ca\/?s={search_term_string}\"},\"query-input\":{\"@type\":\"PropertyValueSpecification\",\"valueRequired\":true,\"valueName\":\"search_term_string\"}}],\"inLanguage\":\"ca\"}]}<\/script>\n<!-- \/ Yoast SEO plugin. -->","yoast_head_json":{"title":"Assemblatge de peces | Naem","description":"Assemblatge de peces - Maquin\u00e0ria i l\u00ednies de muntatge per a assemblatge de peces | Naem","robots":{"index":"index","follow":"follow","max-snippet":"max-snippet:-1","max-image-preview":"max-image-preview:large","max-video-preview":"max-video-preview:-1"},"canonical":"https:\/\/www.naem.es\/ca\/assemblatge\/","og_locale":"ca_ES","og_type":"article","og_title":"Assemblatge de peces | Naem","og_description":"Assemblatge de peces - Maquin\u00e0ria i l\u00ednies de muntatge per a assemblatge de peces | Naem","og_url":"https:\/\/www.naem.es\/ca\/assemblatge\/","og_site_name":"Naem","article_modified_time":"2023-12-18T08:13:28+00:00","og_image":[{"url":"http:\/\/85.208.23.146\/~narj5e3j\/wp-content\/uploads\/ensamblaje-slide-003-1.jpg","type":"","width":"","height":""}],"twitter_card":"summary_large_image","twitter_misc":{"Temps estimat de lectura":"3 minuts"},"schema":{"@context":"https:\/\/schema.org","@graph":[{"@type":"WebPage","@id":"https:\/\/www.naem.es\/ca\/assemblatge\/","url":"https:\/\/www.naem.es\/ca\/assemblatge\/","name":"Assemblatge de peces | Naem","isPartOf":{"@id":"https:\/\/www.naem.es\/ca\/#website"},"primaryImageOfPage":{"@id":"https:\/\/www.naem.es\/ca\/assemblatge\/#primaryimage"},"image":{"@id":"https:\/\/www.naem.es\/ca\/assemblatge\/#primaryimage"},"thumbnailUrl":"http:\/\/85.208.23.146\/~narj5e3j\/wp-content\/uploads\/ensamblaje-slide-003-1.jpg","datePublished":"2023-11-28T15:49:12+00:00","dateModified":"2023-12-18T08:13:28+00:00","description":"Assemblatge de peces - Maquin\u00e0ria i l\u00ednies de muntatge per a assemblatge de peces | Naem","breadcrumb":{"@id":"https:\/\/www.naem.es\/ca\/assemblatge\/#breadcrumb"},"inLanguage":"ca","potentialAction":[{"@type":"ReadAction","target":["https:\/\/www.naem.es\/ca\/assemblatge\/"]}]},{"@type":"ImageObject","inLanguage":"ca","@id":"https:\/\/www.naem.es\/ca\/assemblatge\/#primaryimage","url":"http:\/\/85.208.23.146\/~narj5e3j\/wp-content\/uploads\/ensamblaje-slide-003-1.jpg","contentUrl":"http:\/\/85.208.23.146\/~narj5e3j\/wp-content\/uploads\/ensamblaje-slide-003-1.jpg"},{"@type":"BreadcrumbList","@id":"https:\/\/www.naem.es\/ca\/assemblatge\/#breadcrumb","itemListElement":[{"@type":"ListItem","position":1,"name":"Portada","item":"https:\/\/www.naem.es\/ca\/"},{"@type":"ListItem","position":2,"name":"Assemblatge"}]},{"@type":"WebSite","@id":"https:\/\/www.naem.es\/ca\/#website","url":"https:\/\/www.naem.es\/ca\/","name":"Naem","description":"","potentialAction":[{"@type":"SearchAction","target":{"@type":"EntryPoint","urlTemplate":"https:\/\/www.naem.es\/ca\/?s={search_term_string}"},"query-input":{"@type":"PropertyValueSpecification","valueRequired":true,"valueName":"search_term_string"}}],"inLanguage":"ca"}]}},"_links":{"self":[{"href":"https:\/\/www.naem.es\/ca\/wp-json\/wp\/v2\/pages\/3802","targetHints":{"allow":["GET"]}}],"collection":[{"href":"https:\/\/www.naem.es\/ca\/wp-json\/wp\/v2\/pages"}],"about":[{"href":"https:\/\/www.naem.es\/ca\/wp-json\/wp\/v2\/types\/page"}],"author":[{"embeddable":true,"href":"https:\/\/www.naem.es\/ca\/wp-json\/wp\/v2\/users\/1"}],"replies":[{"embeddable":true,"href":"https:\/\/www.naem.es\/ca\/wp-json\/wp\/v2\/comments?post=3802"}],"version-history":[{"count":12,"href":"https:\/\/www.naem.es\/ca\/wp-json\/wp\/v2\/pages\/3802\/revisions"}],"predecessor-version":[{"id":4030,"href":"https:\/\/www.naem.es\/ca\/wp-json\/wp\/v2\/pages\/3802\/revisions\/4030"}],"wp:attachment":[{"href":"https:\/\/www.naem.es\/ca\/wp-json\/wp\/v2\/media?parent=3802"}],"curies":[{"name":"wp","href":"https:\/\/api.w.org\/{rel}","templated":true}]}}