{"id":3868,"date":"2023-11-28T17:44:53","date_gmt":"2023-11-28T16:44:53","guid":{"rendered":"http:\/\/85.208.23.146\/~narj5e3j\/calidad\/"},"modified":"2023-12-18T09:18:57","modified_gmt":"2023-12-18T08:18:57","slug":"qualitat","status":"publish","type":"page","link":"https:\/\/www.naem.es\/ca\/qualitat\/","title":{"rendered":"Qualitat"},"content":{"rendered":"\t\t<div data-elementor-type=\"wp-page\" data-elementor-id=\"3868\" class=\"elementor elementor-3868 elementor-3126\" data-elementor-post-type=\"page\">\n\t\t\t\t\t\t<section class=\"elementor-section elementor-top-section elementor-element elementor-element-8fcd753 elementor-section-full_width elementor-section-height-default elementor-section-height-default\" data-id=\"8fcd753\" data-element_type=\"section\">\n\t\t\t\t\t\t<div class=\"elementor-container elementor-column-gap-default\">\n\t\t\t\t\t<div class=\"elementor-column elementor-col-100 elementor-top-column elementor-element elementor-element-15a2864 leftcol-servicios\" data-id=\"15a2864\" data-element_type=\"column\">\n\t\t\t<div class=\"elementor-widget-wrap elementor-element-populated\">\n\t\t\t\t\t\t<div class=\"elementor-element elementor-element-b7c47e1 elementor-widget elementor-widget-witr_section_title\" data-id=\"b7c47e1\" data-element_type=\"widget\" data-widget_type=\"witr_section_title.default\">\n\t\t\t\t<div class=\"elementor-widget-container\">\n\t\t\t\t\t\t\t\t<!-- title center -->\n\t\t\t\t\t<div class=\"witr_section_title\">\n\t\t\t\t\t\t<div class=\"witr_section_title_inner text-center\">\n\t\t\t\t\t\t\n\t\t\t\t\t\t\t<!--<div class=\"witr_title_lines\"><span class=\"witr_line_shaps\"><span class=\"witr_shape_dv\">Divider <i aria-hidden=\"true\" class=\"fas fa-star\"><\/i><\/span><\/span><\/div>-->\n\t\t\t\t\t\t\t<!-- icon position -->\n\t\t\t\t\t\t\t\t\n\t\t\t\t\t\t\t<!-- end icon position -->\n\t\t\t\t\t\t\t\n\t\t\t\t\t\t\n\t\t\t\t\t\t\t<!-- title top -->\n\t\t\t\t\t\t\t\n\n\t\t\t\t\t\t\t<!-- icon position -->\n\t\t\t\t\t\t\t\t\n\t\t\t\t\t\t\t<!-- end icon position -->\n\n\n\t\t\t\t\t\t\t\n\t\t\t\t\t\t\t<!-- title middle -->\n\t\t\t\t\t\t\t\t\t\t\t\t\t\t\t<h3>Qualitat<\/h3>\t\t\n\t\t\t\t\t\t\t\t\t\t\t\t\t\t<!-- title bottom -->\n\t\t\t\t\t\t\t\n\t\t\t\t\t\t\t\n\t\t\t\t\t\t\t\n\t\t\t\t\t\t\t\t\t\t\t\t\t\t\n\t\t\t\t\t\t\t<!-- image -->\n\t\t\t\t\t\t\t\t\t\t\t\t\t\t<!-- icon -->\n\t\t\t\t\t\t\t\t\t\t\t\t\t\t\n\t\t\t\t\t\t\t<!-- bar -->\n\t\t\t\t\t\t\t\n\t\t\t\t\t\t\t\n\t\t\t\t\t\t\t\t\n\t\t\t\t\t\t\t\n\t\t\t\t\t\t\t\n\t\t\t\t\t\t\t\n\t\t\t\t\t\t\t\n\t\t\t\t\t\t\t\n\t\t\t\t\t\t\t\n\t\t\t\t\t\t\t\n\t\t\t\t\t\t\t\n\t\t\t\t\t\t\t<!-- content -->\n\t\t\t\t\t\t\t\t\t\t\t\t\t\t\n\t\t\t\t\t\t<\/div>\n\t\t\t\t\t\t\t<!-- inner title -->\n\t\t\t\t\t\t\t\t\t\t\t\t\t\n\t\t\t\t\t<\/div>\n\n\t\t\t\t\t\t<\/div>\n\t\t\t\t<\/div>\n\t\t\t\t\t<\/div>\n\t\t<\/div>\n\t\t\t\t\t<\/div>\n\t\t<\/section>\n\t\t\t\t<section class=\"elementor-section elementor-top-section elementor-element elementor-element-283d81c elementor-section-full_width elementor-section-height-default elementor-section-height-default\" data-id=\"283d81c\" data-element_type=\"section\">\n\t\t\t\t\t\t<div class=\"elementor-container elementor-column-gap-default\">\n\t\t\t\t\t<div class=\"elementor-column elementor-col-50 elementor-top-column elementor-element elementor-element-23530a9 leftcol-servicios\" data-id=\"23530a9\" data-element_type=\"column\" data-settings=\"{&quot;background_background&quot;:&quot;classic&quot;}\">\n\t\t\t<div class=\"elementor-widget-wrap elementor-element-populated\">\n\t\t\t\t\t\t<div class=\"elementor-element elementor-element-23d4dc8 elementor-hidden-desktop elementor-hidden-tablet elementor-hidden-mobile elementor-widget elementor-widget-heading\" data-id=\"23d4dc8\" data-element_type=\"widget\" data-widget_type=\"heading.default\">\n\t\t\t\t<div class=\"elementor-widget-container\">\n\t\t\t<h2 class=\"elementor-heading-title elementor-size-default\">Nuestros servicios<\/h2>\t\t<\/div>\n\t\t\t\t<\/div>\n\t\t\t\t<div class=\"elementor-element elementor-element-fc10e9e elementor-nav-menu__align-center elementor-nav-menu--dropdown-none elementor-hidden-desktop elementor-hidden-tablet elementor-hidden-mobile elementor-widget elementor-widget-nav-menu\" data-id=\"fc10e9e\" data-element_type=\"widget\" data-settings=\"{&quot;layout&quot;:&quot;vertical&quot;,&quot;submenu_icon&quot;:{&quot;value&quot;:&quot;&lt;i class=\\&quot;fas fa-caret-down\\&quot;&gt;&lt;\\\/i&gt;&quot;,&quot;library&quot;:&quot;fa-solid&quot;}}\" data-widget_type=\"nav-menu.default\">\n\t\t\t\t<div class=\"elementor-widget-container\">\n\t\t\t\t\t\t<nav aria-label=\"Menu\" class=\"elementor-nav-menu--main elementor-nav-menu__container elementor-nav-menu--layout-vertical e--pointer-none\">\n\t\t\t\t<ul id=\"menu-1-fc10e9e\" class=\"elementor-nav-menu sm-vertical\"><li class=\"menu-item menu-item-type-post_type menu-item-object-page menu-item-3826\"><a href=\"https:\/\/www.naem.es\/ca\/matriceria-ca\/\" class=\"elementor-item\">Matriceria<\/a><\/li>\n<li class=\"menu-item menu-item-type-post_type menu-item-object-page menu-item-3829\"><a href=\"https:\/\/www.naem.es\/ca\/estampacio\/\" class=\"elementor-item\">Estampaci\u00f3<\/a><\/li>\n<li class=\"menu-item menu-item-type-post_type menu-item-object-page menu-item-3828\"><a href=\"https:\/\/www.naem.es\/ca\/assemblatge\/\" class=\"elementor-item\">Assemblatge<\/a><\/li>\n<li class=\"menu-item menu-item-type-post_type menu-item-object-page menu-item-3827\"><a href=\"https:\/\/www.naem.es\/ca\/picking-i-logistica\/\" class=\"elementor-item\">Picking i log\u00edstica<\/a><\/li>\n<\/ul>\t\t\t<\/nav>\n\t\t\t\t\t\t<nav class=\"elementor-nav-menu--dropdown elementor-nav-menu__container\" aria-hidden=\"true\">\n\t\t\t\t<ul id=\"menu-2-fc10e9e\" class=\"elementor-nav-menu sm-vertical\"><li class=\"menu-item menu-item-type-post_type menu-item-object-page menu-item-3826\"><a href=\"https:\/\/www.naem.es\/ca\/matriceria-ca\/\" class=\"elementor-item\" tabindex=\"-1\">Matriceria<\/a><\/li>\n<li class=\"menu-item menu-item-type-post_type menu-item-object-page menu-item-3829\"><a href=\"https:\/\/www.naem.es\/ca\/estampacio\/\" class=\"elementor-item\" tabindex=\"-1\">Estampaci\u00f3<\/a><\/li>\n<li class=\"menu-item menu-item-type-post_type menu-item-object-page menu-item-3828\"><a href=\"https:\/\/www.naem.es\/ca\/assemblatge\/\" class=\"elementor-item\" tabindex=\"-1\">Assemblatge<\/a><\/li>\n<li class=\"menu-item menu-item-type-post_type menu-item-object-page menu-item-3827\"><a href=\"https:\/\/www.naem.es\/ca\/picking-i-logistica\/\" class=\"elementor-item\" tabindex=\"-1\">Picking i log\u00edstica<\/a><\/li>\n<\/ul>\t\t\t<\/nav>\n\t\t\t\t<\/div>\n\t\t\t\t<\/div>\n\t\t\t\t<div class=\"elementor-element elementor-element-f1ec585 elementor-widget elementor-widget-text-editor\" data-id=\"f1ec585\" data-element_type=\"widget\" data-widget_type=\"text-editor.default\">\n\t\t\t\t<div class=\"elementor-widget-container\">\n\t\t\t\t\t\t\t<h3>Contacte<\/h3><p>Dilluns a divendres de 07 a 15h.<br \/>93 770 19 38<br \/>93 719 50 38<br \/>naem@naem.es<\/p><h3>Direcci\u00f3<\/h3><p>Miquel Servet, 37 Nave 3 Pol. Ind. Sesrovires<br \/>08635 Sant Esteve Sesrovires (Barcelona)<\/p>\t\t\t\t\t\t<\/div>\n\t\t\t\t<\/div>\n\t\t\t\t<div class=\"elementor-element elementor-element-dc42d3a elementor-widget elementor-widget-google_maps\" data-id=\"dc42d3a\" data-element_type=\"widget\" data-widget_type=\"google_maps.default\">\n\t\t\t\t<div class=\"elementor-widget-container\">\n\t\t\t\t\t<div class=\"elementor-custom-embed\">\n\t\t\t<iframe loading=\"lazy\"\n\t\t\t\t\tsrc=\"https:\/\/maps.google.com\/maps?q=naem%20s.l.&#038;t=m&#038;z=10&#038;output=embed&#038;iwloc=near\"\n\t\t\t\t\ttitle=\"naem s.l.\"\n\t\t\t\t\taria-label=\"naem s.l.\"\n\t\t\t><\/iframe>\n\t\t<\/div>\n\t\t\t\t<\/div>\n\t\t\t\t<\/div>\n\t\t\t\t\t<\/div>\n\t\t<\/div>\n\t\t\t\t<div class=\"elementor-column elementor-col-50 elementor-top-column elementor-element elementor-element-67a3f09 servicios-column\" data-id=\"67a3f09\" data-element_type=\"column\">\n\t\t\t<div class=\"elementor-widget-wrap elementor-element-populated\">\n\t\t\t\t\t\t<section class=\"elementor-section elementor-inner-section elementor-element elementor-element-9495a08 elementor-section-full_width elementor-section-height-default elementor-section-height-default\" data-id=\"9495a08\" data-element_type=\"section\">\n\t\t\t\t\t\t<div class=\"elementor-container elementor-column-gap-default\">\n\t\t\t\t\t<div class=\"elementor-column elementor-col-100 elementor-inner-column elementor-element elementor-element-46923ac\" data-id=\"46923ac\" data-element_type=\"column\">\n\t\t\t<div class=\"elementor-widget-wrap elementor-element-populated\">\n\t\t\t\t\t\t<div class=\"elementor-element elementor-element-0d6a1fb elementor-widget elementor-widget-image\" data-id=\"0d6a1fb\" data-element_type=\"widget\" data-widget_type=\"image.default\">\n\t\t\t\t<div class=\"elementor-widget-container\">\n\t\t\t\t\t\t\t\t\t\t\t\t\t<img fetchpriority=\"high\" decoding=\"async\" width=\"1500\" height=\"630\" src=\"https:\/\/www.naem.es\/wp-content\/uploads\/calidad.jpg\" class=\"attachment-large size-large wp-image-3132\" alt=\"\" srcset=\"https:\/\/www.naem.es\/wp-content\/uploads\/calidad.jpg 1500w, https:\/\/www.naem.es\/wp-content\/uploads\/calidad-600x252.jpg 600w, https:\/\/www.naem.es\/wp-content\/uploads\/calidad-768x323.jpg 768w\" sizes=\"(max-width: 1500px) 100vw, 1500px\" \/>\t\t\t\t\t\t\t\t\t\t\t\t\t<\/div>\n\t\t\t\t<\/div>\n\t\t\t\t\t<\/div>\n\t\t<\/div>\n\t\t\t\t\t<\/div>\n\t\t<\/section>\n\t\t\t\t<div class=\"elementor-element elementor-element-36bdd63 elementor-widget elementor-widget-text-editor\" data-id=\"36bdd63\" data-element_type=\"widget\" data-widget_type=\"text-editor.default\">\n\t\t\t\t<div class=\"elementor-widget-container\">\n\t\t\t\t\t\t\t<p>Totes les peces que realitzem estan sotmeses al m\u00e9s\u00a0<strong>estricte control de qualitat<\/strong>, a m\u00e9s de\u00a0<strong>complir fidelment<\/strong>\u00a0amb els programes dels nostres clients quant a\u00a0<strong>preu<\/strong>,\u00a0<strong>qualitat<\/strong>,\u00a0<strong>quantitats<\/strong>\u00a0i\u00a0<strong>terminis de lliurament<\/strong>\u00a0es refereix.<\/p>\t\t\t\t\t\t<\/div>\n\t\t\t\t<\/div>\n\t\t\t\t<section class=\"elementor-section elementor-inner-section elementor-element elementor-element-ce4185f elementor-section-boxed elementor-section-height-default elementor-section-height-default\" data-id=\"ce4185f\" data-element_type=\"section\">\n\t\t\t\t\t\t<div class=\"elementor-container elementor-column-gap-default\">\n\t\t\t\t\t<div class=\"elementor-column elementor-col-50 elementor-inner-column elementor-element elementor-element-ad85157\" data-id=\"ad85157\" data-element_type=\"column\">\n\t\t\t<div class=\"elementor-widget-wrap elementor-element-populated\">\n\t\t\t\t\t\t<div class=\"elementor-element elementor-element-4b3ba16 elementor-widget elementor-widget-image\" data-id=\"4b3ba16\" data-element_type=\"widget\" data-widget_type=\"image.default\">\n\t\t\t\t<div class=\"elementor-widget-container\">\n\t\t\t\t\t\t\t\t\t\t\t\t\t<img decoding=\"async\" width=\"300\" height=\"225\" src=\"https:\/\/www.naem.es\/wp-content\/uploads\/calidad02.jpg\" class=\"attachment-large size-large wp-image-3135\" alt=\"\" \/>\t\t\t\t\t\t\t\t\t\t\t\t\t<\/div>\n\t\t\t\t<\/div>\n\t\t\t\t\t<\/div>\n\t\t<\/div>\n\t\t\t\t<div class=\"elementor-column elementor-col-50 elementor-inner-column elementor-element elementor-element-c360320\" data-id=\"c360320\" data-element_type=\"column\">\n\t\t\t<div class=\"elementor-widget-wrap elementor-element-populated\">\n\t\t\t\t\t\t<div class=\"elementor-element elementor-element-cabfc30 elementor-widget elementor-widget-image\" data-id=\"cabfc30\" data-element_type=\"widget\" data-widget_type=\"image.default\">\n\t\t\t\t<div class=\"elementor-widget-container\">\n\t\t\t\t\t\t\t\t\t\t\t\t\t<img decoding=\"async\" width=\"200\" height=\"200\" src=\"https:\/\/www.naem.es\/wp-content\/uploads\/calidad03.png\" class=\"attachment-large size-large wp-image-3138\" alt=\"\" srcset=\"https:\/\/www.naem.es\/wp-content\/uploads\/calidad03.png 200w, https:\/\/www.naem.es\/wp-content\/uploads\/calidad03-100x100.png 100w, https:\/\/www.naem.es\/wp-content\/uploads\/calidad03-106x106.png 106w\" sizes=\"(max-width: 200px) 100vw, 200px\" \/>\t\t\t\t\t\t\t\t\t\t\t\t\t<\/div>\n\t\t\t\t<\/div>\n\t\t\t\t<div class=\"elementor-element elementor-element-ef6ab11 elementor-align-center elementor-widget elementor-widget-button\" data-id=\"ef6ab11\" data-element_type=\"widget\" data-widget_type=\"button.default\">\n\t\t\t\t<div class=\"elementor-widget-container\">\n\t\t\t\t\t\t\t<div class=\"elementor-button-wrapper\">\n\t\t\t\t\t<a class=\"elementor-button elementor-button-link elementor-size-sm\" href=\"\/wp-content\/uploads\/certificado-9001.pdf\" target=\"_blank\">\n\t\t\t\t\t\t<span class=\"elementor-button-content-wrapper\">\n\t\t\t\t\t\t\t\t\t<span class=\"elementor-button-text\">ISO9001 PDF - ES<\/span>\n\t\t\t\t\t<\/span>\n\t\t\t\t\t<\/a>\n\t\t\t\t<\/div>\n\t\t\t\t\t\t<\/div>\n\t\t\t\t<\/div>\n\t\t\t\t\t<\/div>\n\t\t<\/div>\n\t\t\t\t\t<\/div>\n\t\t<\/section>\n\t\t\t\t\t<\/div>\n\t\t<\/div>\n\t\t\t\t\t<\/div>\n\t\t<\/section>\n\t\t\t\t<\/div>\n\t\t","protected":false},"excerpt":{"rendered":"<p>Qualitat Nuestros servicios Contacte Dilluns a divendres de 07 a 15h.93 770 19 3893 719 50 38naem@naem.es Direcci\u00f3 Miquel Servet, 37 Nave 3 Pol. Ind. Sesrovires08635 Sant Esteve Sesrovires (Barcelona) Totes les peces que realitzem estan sotmeses al m\u00e9s\u00a0estricte control de qualitat, a m\u00e9s de\u00a0complir fidelment\u00a0amb els programes dels nostres clients quant a\u00a0preu,\u00a0qualitat,\u00a0quantitats\u00a0i\u00a0terminis de lliurament\u00a0es [&hellip;]<\/p>\n","protected":false},"author":1,"featured_media":0,"parent":0,"menu_order":0,"comment_status":"closed","ping_status":"closed","template":"template-home.php","meta":{"footnotes":""},"class_list":["post-3868","page","type-page","status-publish","hentry"],"yoast_head":"<!-- This site is optimized with the Yoast SEO plugin v24.0 - https:\/\/yoast.com\/wordpress\/plugins\/seo\/ -->\n<title>Fabricaci\u00f3 de matrius i estampaci\u00f3 de metalls en fred des del 1980 | Naem<\/title>\n<meta name=\"description\" content=\"Fabricaci\u00f3 de matrius i estampaci\u00f3 de metalls des de 1980 - Estricte control de qualitat | Naem\" \/>\n<meta name=\"robots\" content=\"index, follow, max-snippet:-1, max-image-preview:large, max-video-preview:-1\" \/>\n<link rel=\"canonical\" href=\"https:\/\/www.naem.es\/ca\/qualitat\/\" \/>\n<meta property=\"og:locale\" content=\"ca_ES\" \/>\n<meta property=\"og:type\" content=\"article\" \/>\n<meta property=\"og:title\" content=\"Fabricaci\u00f3 de matrius i estampaci\u00f3 de metalls en fred des del 1980 | Naem\" \/>\n<meta property=\"og:description\" content=\"Fabricaci\u00f3 de matrius i estampaci\u00f3 de metalls des de 1980 - Estricte control de qualitat | Naem\" \/>\n<meta property=\"og:url\" content=\"https:\/\/www.naem.es\/ca\/qualitat\/\" \/>\n<meta property=\"og:site_name\" content=\"Naem\" \/>\n<meta property=\"article:modified_time\" content=\"2023-12-18T08:18:57+00:00\" \/>\n<meta property=\"og:image\" content=\"http:\/\/85.208.23.146\/~narj5e3j\/wp-content\/uploads\/calidad.jpg\" \/>\n<meta name=\"twitter:card\" content=\"summary_large_image\" \/>\n<meta name=\"twitter:label1\" content=\"Temps estimat de lectura\" \/>\n\t<meta name=\"twitter:data1\" content=\"2 minuts\" \/>\n<script type=\"application\/ld+json\" class=\"yoast-schema-graph\">{\"@context\":\"https:\/\/schema.org\",\"@graph\":[{\"@type\":\"WebPage\",\"@id\":\"https:\/\/www.naem.es\/ca\/qualitat\/\",\"url\":\"https:\/\/www.naem.es\/ca\/qualitat\/\",\"name\":\"Fabricaci\u00f3 de matrius i estampaci\u00f3 de metalls en fred des del 1980 | Naem\",\"isPartOf\":{\"@id\":\"https:\/\/www.naem.es\/ca\/#website\"},\"primaryImageOfPage\":{\"@id\":\"https:\/\/www.naem.es\/ca\/qualitat\/#primaryimage\"},\"image\":{\"@id\":\"https:\/\/www.naem.es\/ca\/qualitat\/#primaryimage\"},\"thumbnailUrl\":\"http:\/\/85.208.23.146\/~narj5e3j\/wp-content\/uploads\/calidad.jpg\",\"datePublished\":\"2023-11-28T16:44:53+00:00\",\"dateModified\":\"2023-12-18T08:18:57+00:00\",\"description\":\"Fabricaci\u00f3 de matrius i estampaci\u00f3 de metalls des de 1980 - Estricte control de qualitat | Naem\",\"breadcrumb\":{\"@id\":\"https:\/\/www.naem.es\/ca\/qualitat\/#breadcrumb\"},\"inLanguage\":\"ca\",\"potentialAction\":[{\"@type\":\"ReadAction\",\"target\":[\"https:\/\/www.naem.es\/ca\/qualitat\/\"]}]},{\"@type\":\"ImageObject\",\"inLanguage\":\"ca\",\"@id\":\"https:\/\/www.naem.es\/ca\/qualitat\/#primaryimage\",\"url\":\"http:\/\/85.208.23.146\/~narj5e3j\/wp-content\/uploads\/calidad.jpg\",\"contentUrl\":\"http:\/\/85.208.23.146\/~narj5e3j\/wp-content\/uploads\/calidad.jpg\"},{\"@type\":\"BreadcrumbList\",\"@id\":\"https:\/\/www.naem.es\/ca\/qualitat\/#breadcrumb\",\"itemListElement\":[{\"@type\":\"ListItem\",\"position\":1,\"name\":\"Portada\",\"item\":\"https:\/\/www.naem.es\/ca\/\"},{\"@type\":\"ListItem\",\"position\":2,\"name\":\"Qualitat\"}]},{\"@type\":\"WebSite\",\"@id\":\"https:\/\/www.naem.es\/ca\/#website\",\"url\":\"https:\/\/www.naem.es\/ca\/\",\"name\":\"Naem\",\"description\":\"\",\"potentialAction\":[{\"@type\":\"SearchAction\",\"target\":{\"@type\":\"EntryPoint\",\"urlTemplate\":\"https:\/\/www.naem.es\/ca\/?s={search_term_string}\"},\"query-input\":{\"@type\":\"PropertyValueSpecification\",\"valueRequired\":true,\"valueName\":\"search_term_string\"}}],\"inLanguage\":\"ca\"}]}<\/script>\n<!-- \/ Yoast SEO plugin. -->","yoast_head_json":{"title":"Fabricaci\u00f3 de matrius i estampaci\u00f3 de metalls en fred des del 1980 | Naem","description":"Fabricaci\u00f3 de matrius i estampaci\u00f3 de metalls des de 1980 - Estricte control de qualitat | Naem","robots":{"index":"index","follow":"follow","max-snippet":"max-snippet:-1","max-image-preview":"max-image-preview:large","max-video-preview":"max-video-preview:-1"},"canonical":"https:\/\/www.naem.es\/ca\/qualitat\/","og_locale":"ca_ES","og_type":"article","og_title":"Fabricaci\u00f3 de matrius i estampaci\u00f3 de metalls en fred des del 1980 | Naem","og_description":"Fabricaci\u00f3 de matrius i estampaci\u00f3 de metalls des de 1980 - Estricte control de qualitat | Naem","og_url":"https:\/\/www.naem.es\/ca\/qualitat\/","og_site_name":"Naem","article_modified_time":"2023-12-18T08:18:57+00:00","og_image":[{"url":"http:\/\/85.208.23.146\/~narj5e3j\/wp-content\/uploads\/calidad.jpg","type":"","width":"","height":""}],"twitter_card":"summary_large_image","twitter_misc":{"Temps estimat de lectura":"2 minuts"},"schema":{"@context":"https:\/\/schema.org","@graph":[{"@type":"WebPage","@id":"https:\/\/www.naem.es\/ca\/qualitat\/","url":"https:\/\/www.naem.es\/ca\/qualitat\/","name":"Fabricaci\u00f3 de matrius i estampaci\u00f3 de metalls en fred des del 1980 | Naem","isPartOf":{"@id":"https:\/\/www.naem.es\/ca\/#website"},"primaryImageOfPage":{"@id":"https:\/\/www.naem.es\/ca\/qualitat\/#primaryimage"},"image":{"@id":"https:\/\/www.naem.es\/ca\/qualitat\/#primaryimage"},"thumbnailUrl":"http:\/\/85.208.23.146\/~narj5e3j\/wp-content\/uploads\/calidad.jpg","datePublished":"2023-11-28T16:44:53+00:00","dateModified":"2023-12-18T08:18:57+00:00","description":"Fabricaci\u00f3 de matrius i estampaci\u00f3 de metalls des de 1980 - Estricte control de qualitat | Naem","breadcrumb":{"@id":"https:\/\/www.naem.es\/ca\/qualitat\/#breadcrumb"},"inLanguage":"ca","potentialAction":[{"@type":"ReadAction","target":["https:\/\/www.naem.es\/ca\/qualitat\/"]}]},{"@type":"ImageObject","inLanguage":"ca","@id":"https:\/\/www.naem.es\/ca\/qualitat\/#primaryimage","url":"http:\/\/85.208.23.146\/~narj5e3j\/wp-content\/uploads\/calidad.jpg","contentUrl":"http:\/\/85.208.23.146\/~narj5e3j\/wp-content\/uploads\/calidad.jpg"},{"@type":"BreadcrumbList","@id":"https:\/\/www.naem.es\/ca\/qualitat\/#breadcrumb","itemListElement":[{"@type":"ListItem","position":1,"name":"Portada","item":"https:\/\/www.naem.es\/ca\/"},{"@type":"ListItem","position":2,"name":"Qualitat"}]},{"@type":"WebSite","@id":"https:\/\/www.naem.es\/ca\/#website","url":"https:\/\/www.naem.es\/ca\/","name":"Naem","description":"","potentialAction":[{"@type":"SearchAction","target":{"@type":"EntryPoint","urlTemplate":"https:\/\/www.naem.es\/ca\/?s={search_term_string}"},"query-input":{"@type":"PropertyValueSpecification","valueRequired":true,"valueName":"search_term_string"}}],"inLanguage":"ca"}]}},"_links":{"self":[{"href":"https:\/\/www.naem.es\/ca\/wp-json\/wp\/v2\/pages\/3868","targetHints":{"allow":["GET"]}}],"collection":[{"href":"https:\/\/www.naem.es\/ca\/wp-json\/wp\/v2\/pages"}],"about":[{"href":"https:\/\/www.naem.es\/ca\/wp-json\/wp\/v2\/types\/page"}],"author":[{"embeddable":true,"href":"https:\/\/www.naem.es\/ca\/wp-json\/wp\/v2\/users\/1"}],"replies":[{"embeddable":true,"href":"https:\/\/www.naem.es\/ca\/wp-json\/wp\/v2\/comments?post=3868"}],"version-history":[{"count":15,"href":"https:\/\/www.naem.es\/ca\/wp-json\/wp\/v2\/pages\/3868\/revisions"}],"predecessor-version":[{"id":4040,"href":"https:\/\/www.naem.es\/ca\/wp-json\/wp\/v2\/pages\/3868\/revisions\/4040"}],"wp:attachment":[{"href":"https:\/\/www.naem.es\/ca\/wp-json\/wp\/v2\/media?parent=3868"}],"curies":[{"name":"wp","href":"https:\/\/api.w.org\/{rel}","templated":true}]}}