{"id":3910,"date":"2023-11-29T16:14:16","date_gmt":"2023-11-29T15:14:16","guid":{"rendered":"http:\/\/85.208.23.146\/~narj5e3j\/producto\/grup-esquadres-dalineacio-escuadra-esfe\/"},"modified":"2023-11-29T16:14:16","modified_gmt":"2023-11-29T15:14:16","slug":"grup-esquadres-dalineacio-escuadra-esfe","status":"publish","type":"product","link":"https:\/\/www.naem.es\/ca\/producto\/grup-esquadres-dalineacio-escuadra-esfe\/","title":{"rendered":"Grup esquadres d&#8217;alineaci\u00f3 &#8211; Escuadra Esfe"},"content":{"rendered":"<p>Grup esquadres d&#8217;alineaci\u00f3. Esquadra Esfe, a Inox 430 i Inox 304. Gruixos 1.8 i 2.0. Producte estandarditzat per a \u00fas en fusteries met\u00e0l\u00b7liques.<\/p>\n<p><strong><a href=\"#tabla-id\">Veure taula inferior.<\/a><\/strong><\/p>\n","protected":false},"excerpt":{"rendered":"<table border=\"1\" cellspacing=\"0\" cellpadding=\"0\">\n<tbody>\n<tr>\n<td>\n<p align=\"center\"><strong>Ref.<\/strong><\/p>\n<\/td>\n<td>\n<p align=\"center\"><strong>Denominaci\u00f3<\/strong><\/p>\n<\/td>\n<td valign=\"top\">\n<p align=\"center\"><strong>Mides<\/strong><\/p>\n<p align=\"center\"><strong>A B C<\/strong><\/p>\n<\/td>\n<td valign=\"top\">\n<p align=\"center\"><strong>Gruixos<\/strong><\/p>\n<p align=\"center\"><strong>D<\/strong><\/p>\n<\/td>\n<td>\n<p align=\"center\"><strong>Material<\/strong><\/p>\n<\/td>\n<\/tr>\n<tr>\n<td valign=\"top\">EF &#8211; (A4,9) &#8211; I<\/td>\n<td rowspan=\"2\" valign=\"top\">\n<p align=\"center\">Esquadra Esfe (Inox 430 )<\/p>\n<\/td>\n<td rowspan=\"2\" valign=\"top\">\n<p align=\"center\"><strong>4,9<\/strong><strong> x 5,5 x 32,2<\/strong><\/p>\n<\/td>\n<td valign=\"top\">\n<p align=\"center\"><strong> <\/strong><\/p>\n<p align=\"center\"><strong>1,8<\/strong><\/p>\n<\/td>\n<td valign=\"top\">\n<p align=\"center\">\n<p align=\"center\">430<\/p>\n<\/td>\n<\/tr>\n<tr>\n<td valign=\"top\">&nbsp;<\/p>\n<p>EF &#8211; (A4,9) &#8211; II<\/p>\n<p>&nbsp;<\/td>\n<td valign=\"top\">\n<p align=\"center\"><strong> <\/strong><\/p>\n<p align=\"center\"><strong>2,0<\/strong><\/p>\n<\/td>\n<td valign=\"top\">\n<p align=\"center\">\n<p align=\"center\">430<\/p>\n<\/td>\n<\/tr>\n<\/tbody>\n<\/table>\n<table border=\"1\" cellspacing=\"0\" cellpadding=\"0\">\n<tbody>\n<tr>\n<td>\n<p align=\"center\"><strong>Ref.<\/strong><\/p>\n<\/td>\n<td>\n<p align=\"center\"><strong>Denominaci\u00f3<\/strong><\/p>\n<\/td>\n<td valign=\"top\">\n<p align=\"center\"><strong>Mides<\/strong><\/p>\n<p align=\"center\"><strong>A B C<\/strong><\/p>\n<\/td>\n<td valign=\"top\">\n<p align=\"center\"><strong>Gruixos<\/strong><\/p>\n<p align=\"center\"><strong>D<\/strong><\/p>\n<\/td>\n<td>\n<p align=\"center\"><strong>Material<\/strong><\/p>\n<\/td>\n<\/tr>\n<tr>\n<td valign=\"top\">&nbsp;<\/p>\n<p>EF &#8211; (A4,9) &#8211; III<\/p>\n<p>&nbsp;<\/td>\n<td rowspan=\"2\" valign=\"top\">\n<p align=\"center\">Esquadra Esfe (Inox 304)<\/p>\n<\/td>\n<td rowspan=\"2\" valign=\"top\">\n<p align=\"center\"><strong>4,9<\/strong><strong> x 5,5 x 32,2<\/strong><\/p>\n<\/td>\n<td valign=\"top\">\n<p align=\"center\"><strong> <\/strong><\/p>\n<p align=\"center\"><strong>1,8<\/strong><\/p>\n<\/td>\n<td valign=\"top\">\n<p align=\"center\">\n<p align=\"center\">304<\/p>\n<\/td>\n<\/tr>\n<tr>\n<td valign=\"top\">&nbsp;<\/p>\n<p>EF &#8211; (A4,9) &#8211; IV<\/p>\n<p>&nbsp;<\/td>\n<td valign=\"top\">\n<p align=\"center\"><strong> <\/strong><\/p>\n<p align=\"center\"><strong>2,0<\/strong><\/p>\n<\/td>\n<td valign=\"top\">\n<p align=\"center\">\n<p align=\"center\">304<\/p>\n<\/td>\n<\/tr>\n<\/tbody>\n<\/table>\n","protected":false},"featured_media":3288,"comment_status":"closed","ping_status":"closed","template":"","meta":[],"product_cat":[58],"product_tag":[],"class_list":{"0":"post-3910","1":"product","2":"type-product","3":"status-publish","4":"has-post-thumbnail","6":"product_cat-esquadres-dalineacio","8":"first","9":"instock","10":"shipping-taxable","11":"product-type-simple"},"yoast_head":"<!-- This site is optimized with the Yoast SEO plugin v24.0 - https:\/\/yoast.com\/wordpress\/plugins\/seo\/ -->\n<title>Grup esquadres d&#039;alineaci\u00f3 - Escuadra Esfe - Naem<\/title>\n<meta name=\"robots\" content=\"index, follow, max-snippet:-1, max-image-preview:large, max-video-preview:-1\" \/>\n<link rel=\"canonical\" href=\"https:\/\/www.naem.es\/ca\/producto\/grup-esquadres-dalineacio-escuadra-esfe\/\" \/>\n<meta property=\"og:locale\" content=\"ca_ES\" \/>\n<meta property=\"og:type\" content=\"article\" \/>\n<meta property=\"og:title\" content=\"Grup esquadres d&#039;alineaci\u00f3 - Escuadra Esfe - Naem\" \/>\n<meta property=\"og:description\" content=\"Ref.  Denominaci\u00f3  Mides A B C  Gruixos D  Material  EF - (A4,9) - I Esquadra Esfe (Inox 430 )  4,9 x 5,5 x 32,2   1,8  430  &nbsp; EF - (A4,9) - II &nbsp;  2,0  430     Ref.  Denominaci\u00f3  Mides A B C  Gruixos D  Material  &nbsp; EF - (A4,9) - III &nbsp; Esquadra Esfe (Inox 304)  4,9 x 5,5 x 32,2   1,8  304  &nbsp; EF - (A4,9) - IV &nbsp;  2,0  304\" \/>\n<meta property=\"og:url\" content=\"https:\/\/www.naem.es\/ca\/producto\/grup-esquadres-dalineacio-escuadra-esfe\/\" \/>\n<meta property=\"og:site_name\" content=\"Naem\" \/>\n<meta property=\"og:image\" content=\"https:\/\/www.naem.es\/wp-content\/uploads\/grupo-escuadras-alineacion-esfe-.jpg\" \/>\n\t<meta property=\"og:image:width\" content=\"800\" \/>\n\t<meta property=\"og:image:height\" content=\"480\" \/>\n\t<meta property=\"og:image:type\" content=\"image\/jpeg\" \/>\n<meta name=\"twitter:card\" content=\"summary_large_image\" \/>\n<script type=\"application\/ld+json\" class=\"yoast-schema-graph\">{\"@context\":\"https:\/\/schema.org\",\"@graph\":[{\"@type\":\"WebPage\",\"@id\":\"https:\/\/www.naem.es\/ca\/producto\/grup-esquadres-dalineacio-escuadra-esfe\/\",\"url\":\"https:\/\/www.naem.es\/ca\/producto\/grup-esquadres-dalineacio-escuadra-esfe\/\",\"name\":\"Grup esquadres d'alineaci\u00f3 - Escuadra Esfe - Naem\",\"isPartOf\":{\"@id\":\"https:\/\/www.naem.es\/ca\/#website\"},\"primaryImageOfPage\":{\"@id\":\"https:\/\/www.naem.es\/ca\/producto\/grup-esquadres-dalineacio-escuadra-esfe\/#primaryimage\"},\"image\":{\"@id\":\"https:\/\/www.naem.es\/ca\/producto\/grup-esquadres-dalineacio-escuadra-esfe\/#primaryimage\"},\"thumbnailUrl\":\"https:\/\/www.naem.es\/wp-content\/uploads\/grupo-escuadras-alineacion-esfe-.jpg\",\"datePublished\":\"2023-11-29T15:14:16+00:00\",\"dateModified\":\"2023-11-29T15:14:16+00:00\",\"breadcrumb\":{\"@id\":\"https:\/\/www.naem.es\/ca\/producto\/grup-esquadres-dalineacio-escuadra-esfe\/#breadcrumb\"},\"inLanguage\":\"ca\",\"potentialAction\":[{\"@type\":\"ReadAction\",\"target\":[\"https:\/\/www.naem.es\/ca\/producto\/grup-esquadres-dalineacio-escuadra-esfe\/\"]}]},{\"@type\":\"ImageObject\",\"inLanguage\":\"ca\",\"@id\":\"https:\/\/www.naem.es\/ca\/producto\/grup-esquadres-dalineacio-escuadra-esfe\/#primaryimage\",\"url\":\"https:\/\/www.naem.es\/wp-content\/uploads\/grupo-escuadras-alineacion-esfe-.jpg\",\"contentUrl\":\"https:\/\/www.naem.es\/wp-content\/uploads\/grupo-escuadras-alineacion-esfe-.jpg\",\"width\":800,\"height\":480},{\"@type\":\"BreadcrumbList\",\"@id\":\"https:\/\/www.naem.es\/ca\/producto\/grup-esquadres-dalineacio-escuadra-esfe\/#breadcrumb\",\"itemListElement\":[{\"@type\":\"ListItem\",\"position\":1,\"name\":\"Portada\",\"item\":\"https:\/\/www.naem.es\/ca\/\"},{\"@type\":\"ListItem\",\"position\":2,\"name\":\"Tienda\",\"item\":\"https:\/\/www.naem.es\/catalogo\/\"},{\"@type\":\"ListItem\",\"position\":3,\"name\":\"Grup esquadres d&#8217;alineaci\u00f3 &#8211; Escuadra Esfe\"}]},{\"@type\":\"WebSite\",\"@id\":\"https:\/\/www.naem.es\/ca\/#website\",\"url\":\"https:\/\/www.naem.es\/ca\/\",\"name\":\"Naem\",\"description\":\"\",\"potentialAction\":[{\"@type\":\"SearchAction\",\"target\":{\"@type\":\"EntryPoint\",\"urlTemplate\":\"https:\/\/www.naem.es\/ca\/?s={search_term_string}\"},\"query-input\":{\"@type\":\"PropertyValueSpecification\",\"valueRequired\":true,\"valueName\":\"search_term_string\"}}],\"inLanguage\":\"ca\"}]}<\/script>\n<!-- \/ Yoast SEO plugin. -->","yoast_head_json":{"title":"Grup esquadres d'alineaci\u00f3 - Escuadra Esfe - Naem","robots":{"index":"index","follow":"follow","max-snippet":"max-snippet:-1","max-image-preview":"max-image-preview:large","max-video-preview":"max-video-preview:-1"},"canonical":"https:\/\/www.naem.es\/ca\/producto\/grup-esquadres-dalineacio-escuadra-esfe\/","og_locale":"ca_ES","og_type":"article","og_title":"Grup esquadres d'alineaci\u00f3 - Escuadra Esfe - Naem","og_description":"Ref.  Denominaci\u00f3  Mides A B C  Gruixos D  Material  EF - (A4,9) - I Esquadra Esfe (Inox 430 )  4,9 x 5,5 x 32,2   1,8  430  &nbsp; EF - (A4,9) - II &nbsp;  2,0  430     Ref.  Denominaci\u00f3  Mides A B C  Gruixos D  Material  &nbsp; EF - (A4,9) - III &nbsp; Esquadra Esfe (Inox 304)  4,9 x 5,5 x 32,2   1,8  304  &nbsp; EF - (A4,9) - IV &nbsp;  2,0  304","og_url":"https:\/\/www.naem.es\/ca\/producto\/grup-esquadres-dalineacio-escuadra-esfe\/","og_site_name":"Naem","og_image":[{"width":800,"height":480,"url":"https:\/\/www.naem.es\/wp-content\/uploads\/grupo-escuadras-alineacion-esfe-.jpg","type":"image\/jpeg"}],"twitter_card":"summary_large_image","schema":{"@context":"https:\/\/schema.org","@graph":[{"@type":"WebPage","@id":"https:\/\/www.naem.es\/ca\/producto\/grup-esquadres-dalineacio-escuadra-esfe\/","url":"https:\/\/www.naem.es\/ca\/producto\/grup-esquadres-dalineacio-escuadra-esfe\/","name":"Grup esquadres d'alineaci\u00f3 - Escuadra Esfe - Naem","isPartOf":{"@id":"https:\/\/www.naem.es\/ca\/#website"},"primaryImageOfPage":{"@id":"https:\/\/www.naem.es\/ca\/producto\/grup-esquadres-dalineacio-escuadra-esfe\/#primaryimage"},"image":{"@id":"https:\/\/www.naem.es\/ca\/producto\/grup-esquadres-dalineacio-escuadra-esfe\/#primaryimage"},"thumbnailUrl":"https:\/\/www.naem.es\/wp-content\/uploads\/grupo-escuadras-alineacion-esfe-.jpg","datePublished":"2023-11-29T15:14:16+00:00","dateModified":"2023-11-29T15:14:16+00:00","breadcrumb":{"@id":"https:\/\/www.naem.es\/ca\/producto\/grup-esquadres-dalineacio-escuadra-esfe\/#breadcrumb"},"inLanguage":"ca","potentialAction":[{"@type":"ReadAction","target":["https:\/\/www.naem.es\/ca\/producto\/grup-esquadres-dalineacio-escuadra-esfe\/"]}]},{"@type":"ImageObject","inLanguage":"ca","@id":"https:\/\/www.naem.es\/ca\/producto\/grup-esquadres-dalineacio-escuadra-esfe\/#primaryimage","url":"https:\/\/www.naem.es\/wp-content\/uploads\/grupo-escuadras-alineacion-esfe-.jpg","contentUrl":"https:\/\/www.naem.es\/wp-content\/uploads\/grupo-escuadras-alineacion-esfe-.jpg","width":800,"height":480},{"@type":"BreadcrumbList","@id":"https:\/\/www.naem.es\/ca\/producto\/grup-esquadres-dalineacio-escuadra-esfe\/#breadcrumb","itemListElement":[{"@type":"ListItem","position":1,"name":"Portada","item":"https:\/\/www.naem.es\/ca\/"},{"@type":"ListItem","position":2,"name":"Tienda","item":"https:\/\/www.naem.es\/catalogo\/"},{"@type":"ListItem","position":3,"name":"Grup esquadres d&#8217;alineaci\u00f3 &#8211; Escuadra Esfe"}]},{"@type":"WebSite","@id":"https:\/\/www.naem.es\/ca\/#website","url":"https:\/\/www.naem.es\/ca\/","name":"Naem","description":"","potentialAction":[{"@type":"SearchAction","target":{"@type":"EntryPoint","urlTemplate":"https:\/\/www.naem.es\/ca\/?s={search_term_string}"},"query-input":{"@type":"PropertyValueSpecification","valueRequired":true,"valueName":"search_term_string"}}],"inLanguage":"ca"}]}},"_links":{"self":[{"href":"https:\/\/www.naem.es\/ca\/wp-json\/wp\/v2\/product\/3910","targetHints":{"allow":["GET"]}}],"collection":[{"href":"https:\/\/www.naem.es\/ca\/wp-json\/wp\/v2\/product"}],"about":[{"href":"https:\/\/www.naem.es\/ca\/wp-json\/wp\/v2\/types\/product"}],"replies":[{"embeddable":true,"href":"https:\/\/www.naem.es\/ca\/wp-json\/wp\/v2\/comments?post=3910"}],"wp:featuredmedia":[{"embeddable":true,"href":"https:\/\/www.naem.es\/ca\/wp-json\/wp\/v2\/media\/3288"}],"wp:attachment":[{"href":"https:\/\/www.naem.es\/ca\/wp-json\/wp\/v2\/media?parent=3910"}],"wp:term":[{"taxonomy":"product_cat","embeddable":true,"href":"https:\/\/www.naem.es\/ca\/wp-json\/wp\/v2\/product_cat?post=3910"},{"taxonomy":"product_tag","embeddable":true,"href":"https:\/\/www.naem.es\/ca\/wp-json\/wp\/v2\/product_tag?post=3910"}],"curies":[{"name":"wp","href":"https:\/\/api.w.org\/{rel}","templated":true}]}}