{"id":3911,"date":"2023-11-29T12:48:20","date_gmt":"2023-11-29T11:48:20","guid":{"rendered":"http:\/\/85.208.23.146\/~narj5e3j\/producto\/grup-esquadres-dalineacio\/"},"modified":"2023-11-29T12:48:20","modified_gmt":"2023-11-29T11:48:20","slug":"grup-esquadres-dalineacio","status":"publish","type":"product","link":"https:\/\/www.naem.es\/ca\/producto\/grup-esquadres-dalineacio\/","title":{"rendered":"Grup esquadres d&#8217;alineaci\u00f3"},"content":{"rendered":"<p>Esquadres d&#8217;alineaci\u00f3 en acer inoxidable 304 i gruixuts de 0.6, 0.8, 1.0, 1.2 i 1.5. Producte estandarditzat per a \u00fas en fusteries met\u00e0l\u00b7liques.<\/p>\n<p><strong><a href=\"#tabla-id\">Veure taula inferior.<\/a><\/strong><\/p>\n","protected":false},"excerpt":{"rendered":"<table border=\"1\" cellspacing=\"0\" cellpadding=\"0\">\n<tbody>\n<tr>\n<td width=\"92\">\n<p align=\"center\"><strong>Ref.<\/strong><\/p>\n<\/td>\n<td width=\"198\">\n<p align=\"center\"><strong>Denominaci\u00f3<\/strong><\/p>\n<\/td>\n<td valign=\"top\" width=\"104\">\n<p align=\"center\"><strong>Mides<\/strong><\/p>\n<p align=\"center\"><strong>A B<\/strong><\/p>\n<\/td>\n<td valign=\"top\" width=\"85\">\n<p align=\"center\"><strong>Gruixos<\/strong><\/p>\n<p align=\"center\"><strong>C<\/strong><\/p>\n<\/td>\n<td width=\"94\">\n<p align=\"center\"><strong>Material<\/strong><\/p>\n<\/td>\n<\/tr>\n<tr>\n<td width=\"92\">A- (A3,9) &#8211; I<\/td>\n<td rowspan=\"5\" valign=\"top\" width=\"198\"> Esquadra d\u00b4alineaci\u00f3 inox. 304<\/td>\n<td rowspan=\"5\" valign=\"top\" width=\"104\">\n<p align=\"center\"> <strong> 3,9<\/strong><strong> x <\/strong>20,0<\/p>\n<\/td>\n<td valign=\"top\" width=\"85\">\n<p align=\"center\"><strong>0,6  <\/strong><\/p>\n<\/td>\n<td rowspan=\"5\" valign=\"top\" width=\"94\">\n<p align=\"center\">  304<\/p>\n<\/td>\n<\/tr>\n<tr>\n<td width=\"92\">A- (A3,9) &#8211; II<\/td>\n<td valign=\"top\" width=\"85\">\n<p align=\"center\"><strong>0,8<\/strong><\/p>\n<\/td>\n<\/tr>\n<tr>\n<td width=\"92\">A- (A3,9) &#8211; III<\/td>\n<td valign=\"top\" width=\"85\">\n<p align=\"center\"><strong>1,0<\/strong><\/p>\n<\/td>\n<\/tr>\n<tr>\n<td width=\"92\">A- (A3,9) &#8211; IV<\/td>\n<td valign=\"top\" width=\"85\">\n<p align=\"center\"><strong>1,2<\/strong><\/p>\n<\/td>\n<\/tr>\n<tr>\n<td width=\"92\">A- (A3,9) &#8211; V<\/td>\n<td valign=\"top\" width=\"85\">\n<p align=\"center\"><strong>1,5<\/strong><\/p>\n<\/td>\n<\/tr>\n<\/tbody>\n<\/table>\n<table border=\"1\" cellspacing=\"0\" cellpadding=\"0\">\n<tbody>\n<tr>\n<td width=\"92\"><\/td>\n<td width=\"198\"><\/td>\n<td valign=\"top\" width=\"104\"><\/td>\n<td valign=\"top\" width=\"85\"><\/td>\n<td width=\"94\"><\/td>\n<\/tr>\n<tr>\n<td width=\"92\">A- (A5,5) &#8211; I<\/td>\n<td rowspan=\"5\" valign=\"top\" width=\"198\">Esquadra d\u00b4alineaci\u00f3 inox. 304<\/td>\n<td rowspan=\"5\" valign=\"top\" width=\"104\">\n<p align=\"center\"> <strong> 5,5<\/strong><strong> x <\/strong>20,0<\/p>\n<\/td>\n<td valign=\"top\" width=\"85\">\n<p align=\"center\"><strong>0,6  <\/strong><\/p>\n<\/td>\n<td rowspan=\"5\" valign=\"top\" width=\"94\">\n<p align=\"center\">  304<\/p>\n<\/td>\n<\/tr>\n<tr>\n<td width=\"92\">A- (A5,5) &#8211; II<\/td>\n<td valign=\"top\" width=\"85\">\n<p align=\"center\"><strong>0,8<\/strong><\/p>\n<\/td>\n<\/tr>\n<tr>\n<td width=\"92\">A- (A5,5) &#8211; III<\/td>\n<td valign=\"top\" width=\"85\">\n<p align=\"center\"><strong>1,0<\/strong><\/p>\n<\/td>\n<\/tr>\n<tr>\n<td width=\"92\">A- (A5,5) &#8211; IV<\/td>\n<td valign=\"top\" width=\"85\">\n<p align=\"center\"><strong>1,2<\/strong><\/p>\n<\/td>\n<\/tr>\n<tr>\n<td width=\"92\">A- (A5,5) &#8211; V<\/td>\n<td valign=\"top\" width=\"85\">\n<p align=\"center\"><strong>1,5<\/strong><\/p>\n<\/td>\n<\/tr>\n<\/tbody>\n<\/table>\n<table border=\"1\" cellspacing=\"0\" cellpadding=\"0\">\n<tbody>\n<tr>\n<td width=\"92\"><\/td>\n<td width=\"198\"><\/td>\n<td valign=\"top\" width=\"104\"><\/td>\n<td valign=\"top\" width=\"85\"><\/td>\n<td width=\"94\"><\/td>\n<\/tr>\n<tr>\n<td width=\"92\">A- (A4,8) &#8211; I<\/td>\n<td rowspan=\"5\" valign=\"top\" width=\"198\">Esquadra d\u00b4alineaci\u00f3 inox. 304<\/td>\n<td rowspan=\"5\" valign=\"top\" width=\"104\">\n<p align=\"center\"> <strong> 4,8<\/strong><strong> x <\/strong>20,0<\/p>\n<\/td>\n<td valign=\"top\" width=\"85\">\n<p align=\"center\"><strong>0,6  <\/strong><\/p>\n<\/td>\n<td rowspan=\"5\" valign=\"top\" width=\"94\">\n<p align=\"center\">  304<\/p>\n<\/td>\n<\/tr>\n<tr>\n<td width=\"92\">A- (A4,8) &#8211; II<\/td>\n<td valign=\"top\" width=\"85\">\n<p align=\"center\"><strong>0,8<\/strong><\/p>\n<\/td>\n<\/tr>\n<tr>\n<td width=\"92\">A- (A4,8) &#8211; III<\/td>\n<td valign=\"top\" width=\"85\">\n<p align=\"center\"><strong>1,0<\/strong><\/p>\n<\/td>\n<\/tr>\n<tr>\n<td width=\"92\">A- (A4,8) &#8211; IV<\/td>\n<td valign=\"top\" width=\"85\">\n<p align=\"center\"><strong>1,2<\/strong><\/p>\n<\/td>\n<\/tr>\n<tr>\n<td width=\"92\">A- (A4,8) &#8211; V<\/td>\n<td valign=\"top\" width=\"85\">\n<p align=\"center\"><strong>1,5<\/strong><\/p>\n<\/td>\n<\/tr>\n<\/tbody>\n<\/table>\n<table border=\"1\" cellspacing=\"0\" cellpadding=\"0\">\n<tbody>\n<tr>\n<td width=\"92\">\n<p align=\"center\"><strong>Ref.<\/strong><\/p>\n<\/td>\n<td width=\"208\">\n<p align=\"center\"><strong>Denominaci\u00f3<\/strong><\/p>\n<\/td>\n<td valign=\"top\" width=\"94\">\n<p align=\"center\"><strong>Mides<\/strong><\/p>\n<p align=\"center\"><strong>A B<\/strong><\/p>\n<\/td>\n<td valign=\"top\" width=\"85\">\n<p align=\"center\"><strong>Gruixos<\/strong><\/p>\n<p align=\"center\"><strong>C<\/strong><\/p>\n<\/td>\n<td width=\"76\">\n<p align=\"center\"><strong>Material<\/strong><\/p>\n<\/td>\n<\/tr>\n<tr>\n<td width=\"92\">A- (A5,7) &#8211; I<\/td>\n<td rowspan=\"5\" valign=\"top\" width=\"208\">Esquadra d\u00b4alineaci\u00f3 inox. 304<\/td>\n<td rowspan=\"5\" valign=\"top\" width=\"94\">\n<p align=\"center\"> <strong> 5,<\/strong><strong>7 x <\/strong>20,0<\/p>\n<\/td>\n<td valign=\"top\" width=\"85\">\n<p align=\"center\"><strong>0,6  <\/strong><\/p>\n<\/td>\n<td rowspan=\"5\" valign=\"top\" width=\"76\">\n<p align=\"center\">  304<\/p>\n<\/td>\n<\/tr>\n<tr>\n<td width=\"92\">A- (A5,7) &#8211; II<\/td>\n<td valign=\"top\" width=\"85\">\n<p align=\"center\"><strong>0,8<\/strong><\/p>\n<\/td>\n<\/tr>\n<tr>\n<td width=\"92\">A- (A5,7) &#8211; III<\/td>\n<td valign=\"top\" width=\"85\">\n<p align=\"center\"><strong>1,0<\/strong><\/p>\n<\/td>\n<\/tr>\n<tr>\n<td width=\"92\">A- (A5,7) &#8211; IV<\/td>\n<td valign=\"top\" width=\"85\">\n<p align=\"center\"><strong>1,2<\/strong><\/p>\n<\/td>\n<\/tr>\n<tr>\n<td width=\"92\">A- (A5,7) &#8211; V<\/td>\n<td valign=\"top\" width=\"85\">\n<p align=\"center\"><strong>1,5<\/strong><\/p>\n<\/td>\n<\/tr>\n<\/tbody>\n<\/table>\n<table border=\"1\" cellspacing=\"0\" cellpadding=\"0\">\n<tbody>\n<tr>\n<td width=\"92\"><\/td>\n<td width=\"208\"><\/td>\n<td valign=\"top\" width=\"94\"><\/td>\n<td valign=\"top\" width=\"85\"><\/td>\n<td width=\"76\"><\/td>\n<\/tr>\n<tr>\n<td width=\"92\">A- (A6,7) &#8211; I<\/td>\n<td rowspan=\"5\" valign=\"top\" width=\"208\">Esquadra d\u00b4alineaci\u00f3 inox. 304<\/td>\n<td rowspan=\"5\" valign=\"top\" width=\"94\">\n<p align=\"center\"> <strong> 6,<\/strong><strong>7 x <\/strong>20,0<\/p>\n<\/td>\n<td valign=\"top\" width=\"85\">\n<p align=\"center\"><strong>0,6  <\/strong><\/p>\n<\/td>\n<td rowspan=\"5\" valign=\"top\" width=\"76\">\n<p align=\"center\">  304<\/p>\n<\/td>\n<\/tr>\n<tr>\n<td width=\"92\">A- (A6,7) &#8211; II<\/td>\n<td valign=\"top\" width=\"85\">\n<p align=\"center\"><strong>0,8<\/strong><\/p>\n<\/td>\n<\/tr>\n<tr>\n<td width=\"92\">A- (A6,7) &#8211; III<\/td>\n<td valign=\"top\" width=\"85\">\n<p align=\"center\"><strong>1,0<\/strong><\/p>\n<\/td>\n<\/tr>\n<tr>\n<td width=\"92\">A- (A6,7) &#8211; IV<\/td>\n<td valign=\"top\" width=\"85\">\n<p align=\"center\"><strong>1,2<\/strong><\/p>\n<\/td>\n<\/tr>\n<tr>\n<td width=\"92\">A- (A6,7) &#8211; V<\/td>\n<td valign=\"top\" width=\"85\">\n<p align=\"center\"><strong>1,5<\/strong><\/p>\n<\/td>\n<\/tr>\n<\/tbody>\n<\/table>\n<table border=\"1\" cellspacing=\"0\" cellpadding=\"0\">\n<tbody>\n<tr>\n<td width=\"92\"><\/td>\n<td width=\"208\"><\/td>\n<td valign=\"top\" width=\"94\"><\/td>\n<td valign=\"top\" width=\"85\"><\/td>\n<td width=\"76\"><\/td>\n<\/tr>\n<tr>\n<td width=\"92\">A- (A7,7) &#8211; I<\/td>\n<td rowspan=\"5\" valign=\"top\" width=\"208\">Esquadra d\u00b4alineaci\u00f3 inox. 304<\/td>\n<td rowspan=\"5\" valign=\"top\" width=\"94\">\n<p align=\"center\"> <strong> 7,<\/strong><strong>7 x <\/strong>20,0<\/p>\n<\/td>\n<td valign=\"top\" width=\"85\">\n<p align=\"center\"><strong>0,6  <\/strong><\/p>\n<\/td>\n<td rowspan=\"5\" valign=\"top\" width=\"76\">\n<p align=\"center\">  304<\/p>\n<\/td>\n<\/tr>\n<tr>\n<td width=\"92\">A- (A7,7) &#8211; II<\/td>\n<td valign=\"top\" width=\"85\">\n<p align=\"center\"><strong>0,8<\/strong><\/p>\n<\/td>\n<\/tr>\n<tr>\n<td width=\"92\">A- (A7,7) &#8211; III<\/td>\n<td valign=\"top\" width=\"85\">\n<p align=\"center\"><strong>1,0<\/strong><\/p>\n<\/td>\n<\/tr>\n<tr>\n<td width=\"92\">A- (A7,7) &#8211; IV<\/td>\n<td valign=\"top\" width=\"85\">\n<p align=\"center\"><strong>1,2<\/strong><\/p>\n<\/td>\n<\/tr>\n<tr>\n<td width=\"92\">A- (A7,7) &#8211; V<\/td>\n<td valign=\"top\" width=\"85\">\n<p align=\"center\"><strong>1,5<\/strong><\/p>\n<\/td>\n<\/tr>\n<\/tbody>\n<\/table>\n","protected":false},"featured_media":3281,"comment_status":"closed","ping_status":"closed","template":"","meta":[],"product_cat":[58],"product_tag":[],"class_list":{"0":"post-3911","1":"product","2":"type-product","3":"status-publish","4":"has-post-thumbnail","6":"product_cat-esquadres-dalineacio","8":"first","9":"instock","10":"shipping-taxable","11":"product-type-simple"},"yoast_head":"<!-- This site is optimized with the Yoast SEO plugin v24.0 - https:\/\/yoast.com\/wordpress\/plugins\/seo\/ -->\n<title>Grup esquadres d&#039;alineaci\u00f3 - Naem<\/title>\n<meta name=\"robots\" content=\"index, follow, max-snippet:-1, max-image-preview:large, max-video-preview:-1\" \/>\n<link rel=\"canonical\" href=\"https:\/\/www.naem.es\/ca\/producto\/grup-esquadres-dalineacio\/\" \/>\n<meta property=\"og:locale\" content=\"ca_ES\" \/>\n<meta property=\"og:type\" content=\"article\" \/>\n<meta property=\"og:title\" content=\"Grup esquadres d&#039;alineaci\u00f3 - Naem\" \/>\n<meta property=\"og:description\" content=\"Ref.  Denominaci\u00f3  Mides A B  Gruixos C  Material  A- (A3,9) - I Esquadra d\u00b4alineaci\u00f3 inox. 304  3,9 x 20,0  0,6    304  A- (A3,9) - II 0,8  A- (A3,9) - III 1,0  A- (A3,9) - IV 1,2  A- (A3,9) - V 1,5        A- (A5,5) - I Esquadra d\u00b4alineaci\u00f3 inox. 304  5,5 x 20,0  0,6    304  A- (A5,5) - II 0,8  A- (A5,5) - III 1,0  A- (A5,5) - IV 1,2  A- (A5,5) - V 1,5        A- (A4,8) - I Esquadra d\u00b4alineaci\u00f3 inox. 304  4,8 x 20,0  0,6    304  A- (A4,8) - II 0,8  A- (A4,8) - III 1,0  A- (A4,8) - IV 1,2  A- (A4,8) - V 1,5     Ref.  Denominaci\u00f3  Mides A B  Gruixos C  Material  A- (A5,7) - I Esquadra d\u00b4alineaci\u00f3 inox. 304  5,7 x 20,0  0,6    304  A- (A5,7) - II 0,8  A- (A5,7) - III 1,0  A- (A5,7) - IV 1,2  A- (A5,7) - V 1,5        A- (A6,7) - I Esquadra d\u00b4alineaci\u00f3 inox. 304  6,7 x 20,0  0,6    304  A- (A6,7) - II 0,8  A- (A6,7) - III 1,0  A- (A6,7) - IV 1,2  A- (A6,7) - V 1,5        A- (A7,7) - I Esquadra d\u00b4alineaci\u00f3 inox. 304  7,7 x 20,0  0,6    304  A- (A7,7) - II 0,8  A- (A7,7) - III 1,0  A- (A7,7) - IV 1,2  A- (A7,7) - V 1,5\" \/>\n<meta property=\"og:url\" content=\"https:\/\/www.naem.es\/ca\/producto\/grup-esquadres-dalineacio\/\" \/>\n<meta property=\"og:site_name\" content=\"Naem\" \/>\n<meta property=\"og:image\" content=\"https:\/\/www.naem.es\/wp-content\/uploads\/grupo-escuadras-alineacion-.jpg\" \/>\n\t<meta property=\"og:image:width\" content=\"800\" \/>\n\t<meta property=\"og:image:height\" content=\"480\" \/>\n\t<meta property=\"og:image:type\" content=\"image\/jpeg\" \/>\n<meta name=\"twitter:card\" content=\"summary_large_image\" \/>\n<script type=\"application\/ld+json\" class=\"yoast-schema-graph\">{\"@context\":\"https:\/\/schema.org\",\"@graph\":[{\"@type\":\"WebPage\",\"@id\":\"https:\/\/www.naem.es\/ca\/producto\/grup-esquadres-dalineacio\/\",\"url\":\"https:\/\/www.naem.es\/ca\/producto\/grup-esquadres-dalineacio\/\",\"name\":\"Grup esquadres d'alineaci\u00f3 - Naem\",\"isPartOf\":{\"@id\":\"https:\/\/www.naem.es\/ca\/#website\"},\"primaryImageOfPage\":{\"@id\":\"https:\/\/www.naem.es\/ca\/producto\/grup-esquadres-dalineacio\/#primaryimage\"},\"image\":{\"@id\":\"https:\/\/www.naem.es\/ca\/producto\/grup-esquadres-dalineacio\/#primaryimage\"},\"thumbnailUrl\":\"https:\/\/www.naem.es\/wp-content\/uploads\/grupo-escuadras-alineacion-.jpg\",\"datePublished\":\"2023-11-29T11:48:20+00:00\",\"dateModified\":\"2023-11-29T11:48:20+00:00\",\"breadcrumb\":{\"@id\":\"https:\/\/www.naem.es\/ca\/producto\/grup-esquadres-dalineacio\/#breadcrumb\"},\"inLanguage\":\"ca\",\"potentialAction\":[{\"@type\":\"ReadAction\",\"target\":[\"https:\/\/www.naem.es\/ca\/producto\/grup-esquadres-dalineacio\/\"]}]},{\"@type\":\"ImageObject\",\"inLanguage\":\"ca\",\"@id\":\"https:\/\/www.naem.es\/ca\/producto\/grup-esquadres-dalineacio\/#primaryimage\",\"url\":\"https:\/\/www.naem.es\/wp-content\/uploads\/grupo-escuadras-alineacion-.jpg\",\"contentUrl\":\"https:\/\/www.naem.es\/wp-content\/uploads\/grupo-escuadras-alineacion-.jpg\",\"width\":800,\"height\":480},{\"@type\":\"BreadcrumbList\",\"@id\":\"https:\/\/www.naem.es\/ca\/producto\/grup-esquadres-dalineacio\/#breadcrumb\",\"itemListElement\":[{\"@type\":\"ListItem\",\"position\":1,\"name\":\"Portada\",\"item\":\"https:\/\/www.naem.es\/ca\/\"},{\"@type\":\"ListItem\",\"position\":2,\"name\":\"Tienda\",\"item\":\"https:\/\/www.naem.es\/catalogo\/\"},{\"@type\":\"ListItem\",\"position\":3,\"name\":\"Grup esquadres d&#8217;alineaci\u00f3\"}]},{\"@type\":\"WebSite\",\"@id\":\"https:\/\/www.naem.es\/ca\/#website\",\"url\":\"https:\/\/www.naem.es\/ca\/\",\"name\":\"Naem\",\"description\":\"\",\"potentialAction\":[{\"@type\":\"SearchAction\",\"target\":{\"@type\":\"EntryPoint\",\"urlTemplate\":\"https:\/\/www.naem.es\/ca\/?s={search_term_string}\"},\"query-input\":{\"@type\":\"PropertyValueSpecification\",\"valueRequired\":true,\"valueName\":\"search_term_string\"}}],\"inLanguage\":\"ca\"}]}<\/script>\n<!-- \/ Yoast SEO plugin. -->","yoast_head_json":{"title":"Grup esquadres d'alineaci\u00f3 - Naem","robots":{"index":"index","follow":"follow","max-snippet":"max-snippet:-1","max-image-preview":"max-image-preview:large","max-video-preview":"max-video-preview:-1"},"canonical":"https:\/\/www.naem.es\/ca\/producto\/grup-esquadres-dalineacio\/","og_locale":"ca_ES","og_type":"article","og_title":"Grup esquadres d'alineaci\u00f3 - Naem","og_description":"Ref.  Denominaci\u00f3  Mides A B  Gruixos C  Material  A- (A3,9) - I Esquadra d\u00b4alineaci\u00f3 inox. 304  3,9 x 20,0  0,6    304  A- (A3,9) - II 0,8  A- (A3,9) - III 1,0  A- (A3,9) - IV 1,2  A- (A3,9) - V 1,5        A- (A5,5) - I Esquadra d\u00b4alineaci\u00f3 inox. 304  5,5 x 20,0  0,6    304  A- (A5,5) - II 0,8  A- (A5,5) - III 1,0  A- (A5,5) - IV 1,2  A- (A5,5) - V 1,5        A- (A4,8) - I Esquadra d\u00b4alineaci\u00f3 inox. 304  4,8 x 20,0  0,6    304  A- (A4,8) - II 0,8  A- (A4,8) - III 1,0  A- (A4,8) - IV 1,2  A- (A4,8) - V 1,5     Ref.  Denominaci\u00f3  Mides A B  Gruixos C  Material  A- (A5,7) - I Esquadra d\u00b4alineaci\u00f3 inox. 304  5,7 x 20,0  0,6    304  A- (A5,7) - II 0,8  A- (A5,7) - III 1,0  A- (A5,7) - IV 1,2  A- (A5,7) - V 1,5        A- (A6,7) - I Esquadra d\u00b4alineaci\u00f3 inox. 304  6,7 x 20,0  0,6    304  A- (A6,7) - II 0,8  A- (A6,7) - III 1,0  A- (A6,7) - IV 1,2  A- (A6,7) - V 1,5        A- (A7,7) - I Esquadra d\u00b4alineaci\u00f3 inox. 304  7,7 x 20,0  0,6    304  A- (A7,7) - II 0,8  A- (A7,7) - III 1,0  A- (A7,7) - IV 1,2  A- (A7,7) - V 1,5","og_url":"https:\/\/www.naem.es\/ca\/producto\/grup-esquadres-dalineacio\/","og_site_name":"Naem","og_image":[{"width":800,"height":480,"url":"https:\/\/www.naem.es\/wp-content\/uploads\/grupo-escuadras-alineacion-.jpg","type":"image\/jpeg"}],"twitter_card":"summary_large_image","schema":{"@context":"https:\/\/schema.org","@graph":[{"@type":"WebPage","@id":"https:\/\/www.naem.es\/ca\/producto\/grup-esquadres-dalineacio\/","url":"https:\/\/www.naem.es\/ca\/producto\/grup-esquadres-dalineacio\/","name":"Grup esquadres d'alineaci\u00f3 - Naem","isPartOf":{"@id":"https:\/\/www.naem.es\/ca\/#website"},"primaryImageOfPage":{"@id":"https:\/\/www.naem.es\/ca\/producto\/grup-esquadres-dalineacio\/#primaryimage"},"image":{"@id":"https:\/\/www.naem.es\/ca\/producto\/grup-esquadres-dalineacio\/#primaryimage"},"thumbnailUrl":"https:\/\/www.naem.es\/wp-content\/uploads\/grupo-escuadras-alineacion-.jpg","datePublished":"2023-11-29T11:48:20+00:00","dateModified":"2023-11-29T11:48:20+00:00","breadcrumb":{"@id":"https:\/\/www.naem.es\/ca\/producto\/grup-esquadres-dalineacio\/#breadcrumb"},"inLanguage":"ca","potentialAction":[{"@type":"ReadAction","target":["https:\/\/www.naem.es\/ca\/producto\/grup-esquadres-dalineacio\/"]}]},{"@type":"ImageObject","inLanguage":"ca","@id":"https:\/\/www.naem.es\/ca\/producto\/grup-esquadres-dalineacio\/#primaryimage","url":"https:\/\/www.naem.es\/wp-content\/uploads\/grupo-escuadras-alineacion-.jpg","contentUrl":"https:\/\/www.naem.es\/wp-content\/uploads\/grupo-escuadras-alineacion-.jpg","width":800,"height":480},{"@type":"BreadcrumbList","@id":"https:\/\/www.naem.es\/ca\/producto\/grup-esquadres-dalineacio\/#breadcrumb","itemListElement":[{"@type":"ListItem","position":1,"name":"Portada","item":"https:\/\/www.naem.es\/ca\/"},{"@type":"ListItem","position":2,"name":"Tienda","item":"https:\/\/www.naem.es\/catalogo\/"},{"@type":"ListItem","position":3,"name":"Grup esquadres d&#8217;alineaci\u00f3"}]},{"@type":"WebSite","@id":"https:\/\/www.naem.es\/ca\/#website","url":"https:\/\/www.naem.es\/ca\/","name":"Naem","description":"","potentialAction":[{"@type":"SearchAction","target":{"@type":"EntryPoint","urlTemplate":"https:\/\/www.naem.es\/ca\/?s={search_term_string}"},"query-input":{"@type":"PropertyValueSpecification","valueRequired":true,"valueName":"search_term_string"}}],"inLanguage":"ca"}]}},"_links":{"self":[{"href":"https:\/\/www.naem.es\/ca\/wp-json\/wp\/v2\/product\/3911","targetHints":{"allow":["GET"]}}],"collection":[{"href":"https:\/\/www.naem.es\/ca\/wp-json\/wp\/v2\/product"}],"about":[{"href":"https:\/\/www.naem.es\/ca\/wp-json\/wp\/v2\/types\/product"}],"replies":[{"embeddable":true,"href":"https:\/\/www.naem.es\/ca\/wp-json\/wp\/v2\/comments?post=3911"}],"wp:featuredmedia":[{"embeddable":true,"href":"https:\/\/www.naem.es\/ca\/wp-json\/wp\/v2\/media\/3281"}],"wp:attachment":[{"href":"https:\/\/www.naem.es\/ca\/wp-json\/wp\/v2\/media?parent=3911"}],"wp:term":[{"taxonomy":"product_cat","embeddable":true,"href":"https:\/\/www.naem.es\/ca\/wp-json\/wp\/v2\/product_cat?post=3911"},{"taxonomy":"product_tag","embeddable":true,"href":"https:\/\/www.naem.es\/ca\/wp-json\/wp\/v2\/product_tag?post=3911"}],"curies":[{"name":"wp","href":"https:\/\/api.w.org\/{rel}","templated":true}]}}