{"id":3914,"date":"2023-11-29T10:30:35","date_gmt":"2023-11-29T09:30:35","guid":{"rendered":"http:\/\/85.208.23.146\/~narj5e3j\/producto\/esquadres-alineacio-folre-herro-zincat-inox\/"},"modified":"2023-12-13T17:01:49","modified_gmt":"2023-12-13T16:01:49","slug":"esquadres-alineacio-folre-herro-zincat-inox","status":"publish","type":"product","link":"https:\/\/www.naem.es\/ca\/producto\/esquadres-alineacio-folre-herro-zincat-inox\/","title":{"rendered":"Esquadres alineaci\u00f3 folre (Herro zincat \/ inox)"},"content":{"rendered":"<p>Esquadra alineaci\u00f3 folre (ferro zincat \/ inox 304). Gruixos de 0.8, 1.0 i 1.2. Producte estandarditzat, per a \u00fas en fusteria met\u00e0l\u00b7lica.<\/p>\n<p><strong><a href=\"#tabla-id\">Veure taula inferior.<\/a><\/strong><\/p>\n","protected":false},"excerpt":{"rendered":"<table border=\"4px solid\" cellspacing=\"0\" cellpadding=\"0\">\n<tbody>\n<tr>\n<td>\n<p align=\"center\"><strong>Ref.<\/strong><\/p>\n<\/td>\n<td>\n<p align=\"center\"><strong>Denominaci\u00f3<\/strong><\/p>\n<\/td>\n<td valign=\"top\">\n<p align=\"center\"><strong>Mides<\/strong><\/p>\n<p align=\"center\"><strong>A B<\/strong><\/p>\n<\/td>\n<td valign=\"top\">\n<p align=\"center\"><strong>Gruixos<\/strong><\/p>\n<p align=\"center\"><strong>C<\/strong><\/p>\n<\/td>\n<td>\n<p align=\"center\"><strong>Material<\/strong><\/p>\n<\/td>\n<\/tr>\n<tr>\n<td>AF- (A 9,6) &#8211; I<\/td>\n<td>Esquadra alineaci\u00f3 folre ferro zincat<\/td>\n<td>\n<p align=\"center\"><strong>9,6<\/strong> x 21<\/p>\n<\/td>\n<td>\n<p align=\"center\"><strong>0,8<\/strong><\/p>\n<\/td>\n<td>\n<p align=\"center\">Ferro<\/p>\n<\/td>\n<\/tr>\n<tr>\n<td>AF- (A 9,6) &#8211; II<\/td>\n<td>Esquadra alineaci\u00f3 folre ferro zincat<\/td>\n<td>\n<p align=\"center\"><strong>9,6<\/strong> x 21<\/p>\n<\/td>\n<td>\n<p align=\"center\"><strong>1,0<\/strong><\/p>\n<\/td>\n<td>\n<p align=\"center\">Ferro<\/p>\n<\/td>\n<\/tr>\n<tr>\n<td>AF- (A 9,6) &#8211; III<\/td>\n<td>Esquadra alineaci\u00f3 folre ferro zincat<\/td>\n<td>\n<p align=\"center\"><strong>9,6<\/strong> x 21<\/p>\n<\/td>\n<td>\n<p align=\"center\"><strong>1,2<\/strong><\/p>\n<\/td>\n<td>\n<p align=\"center\">Ferro<\/p>\n<\/td>\n<\/tr>\n<\/tbody>\n<\/table>\n<table border=\"1\" cellspacing=\"0\" cellpadding=\"0\">\n<tbody>\n<tr>\n<td><\/td>\n<td><\/td>\n<td valign=\"top\"><\/td>\n<td valign=\"top\"><\/td>\n<td><\/td>\n<\/tr>\n<tr>\n<td>AF- (A 9,6) &#8211; IV<\/td>\n<td>Esquadra alineaci\u00f3 folre inox. 304<\/td>\n<td>\n<p align=\"center\"><strong>9,6<\/strong> x 21<\/p>\n<\/td>\n<td>\n<p align=\"center\"><strong>0,8<\/strong><\/p>\n<\/td>\n<td>\n<p align=\"center\">304<\/p>\n<\/td>\n<\/tr>\n<tr>\n<td>AF- (A 9,6) &#8211; V<\/td>\n<td>Esquadra alineaci\u00f3 folre inox. 304<\/td>\n<td>\n<p align=\"center\"><strong>9,6<\/strong> x 21<\/p>\n<\/td>\n<td>\n<p align=\"center\"><strong>1,0<\/strong><\/p>\n<\/td>\n<td>\n<p align=\"center\">304<\/p>\n<\/td>\n<\/tr>\n<tr>\n<td width=\"102\">AF- (A 9,6) &#8211; VI<\/td>\n<td width=\"236\">Esquadra alineaci\u00f3 folre inox. 304<\/td>\n<td width=\"113\">\n<p align=\"center\"><strong>9,6<\/strong> x 21<\/p>\n<\/td>\n<td width=\"57\">\n<p align=\"center\"><strong>1,2<\/strong><\/p>\n<\/td>\n<td width=\"76\">\n<p align=\"center\">304<\/p>\n<\/td>\n<\/tr>\n<\/tbody>\n<\/table>\n","protected":false},"featured_media":3916,"comment_status":"closed","ping_status":"closed","template":"","meta":[],"product_cat":[58],"product_tag":[],"class_list":{"0":"post-3914","1":"product","2":"type-product","3":"status-publish","4":"has-post-thumbnail","6":"product_cat-esquadres-dalineacio","8":"first","9":"instock","10":"shipping-taxable","11":"product-type-simple"},"yoast_head":"<!-- This site is optimized with the Yoast SEO plugin v24.0 - https:\/\/yoast.com\/wordpress\/plugins\/seo\/ -->\n<title>Esquadres alineaci\u00f3 folre (Herro zincat \/ inox) - Naem<\/title>\n<meta name=\"robots\" content=\"index, follow, max-snippet:-1, max-image-preview:large, max-video-preview:-1\" \/>\n<link rel=\"canonical\" href=\"https:\/\/www.naem.es\/ca\/producto\/esquadres-alineacio-folre-herro-zincat-inox\/\" \/>\n<meta property=\"og:locale\" content=\"ca_ES\" \/>\n<meta property=\"og:type\" content=\"article\" \/>\n<meta property=\"og:title\" content=\"Esquadres alineaci\u00f3 folre (Herro zincat \/ inox) - Naem\" \/>\n<meta property=\"og:description\" content=\"Ref.  Denominaci\u00f3  Mides A B  Gruixos C  Material  AF- (A 9,6) - I Esquadra alineaci\u00f3 folre ferro zincat 9,6 x 21  0,8  Ferro  AF- (A 9,6) - II Esquadra alineaci\u00f3 folre ferro zincat 9,6 x 21  1,0  Ferro  AF- (A 9,6) - III Esquadra alineaci\u00f3 folre ferro zincat 9,6 x 21  1,2  Ferro        AF- (A 9,6) - IV Esquadra alineaci\u00f3 folre inox. 304 9,6 x 21  0,8  304  AF- (A 9,6) - V Esquadra alineaci\u00f3 folre inox. 304 9,6 x 21  1,0  304  AF- (A 9,6) - VI Esquadra alineaci\u00f3 folre inox. 304 9,6 x 21  1,2  304\" \/>\n<meta property=\"og:url\" content=\"https:\/\/www.naem.es\/ca\/producto\/esquadres-alineacio-folre-herro-zincat-inox\/\" \/>\n<meta property=\"og:site_name\" content=\"Naem\" \/>\n<meta property=\"article:modified_time\" content=\"2023-12-13T16:01:49+00:00\" \/>\n<meta property=\"og:image\" content=\"https:\/\/www.naem.es\/wp-content\/uploads\/grupo-escuadras-alineacion-forro-2.jpg\" \/>\n\t<meta property=\"og:image:width\" content=\"800\" \/>\n\t<meta property=\"og:image:height\" content=\"480\" \/>\n\t<meta property=\"og:image:type\" content=\"image\/jpeg\" \/>\n<meta name=\"twitter:card\" content=\"summary_large_image\" \/>\n<script type=\"application\/ld+json\" class=\"yoast-schema-graph\">{\"@context\":\"https:\/\/schema.org\",\"@graph\":[{\"@type\":\"WebPage\",\"@id\":\"https:\/\/www.naem.es\/ca\/producto\/esquadres-alineacio-folre-herro-zincat-inox\/\",\"url\":\"https:\/\/www.naem.es\/ca\/producto\/esquadres-alineacio-folre-herro-zincat-inox\/\",\"name\":\"Esquadres alineaci\u00f3 folre (Herro zincat \/ inox) - Naem\",\"isPartOf\":{\"@id\":\"https:\/\/www.naem.es\/ca\/#website\"},\"primaryImageOfPage\":{\"@id\":\"https:\/\/www.naem.es\/ca\/producto\/esquadres-alineacio-folre-herro-zincat-inox\/#primaryimage\"},\"image\":{\"@id\":\"https:\/\/www.naem.es\/ca\/producto\/esquadres-alineacio-folre-herro-zincat-inox\/#primaryimage\"},\"thumbnailUrl\":\"https:\/\/www.naem.es\/wp-content\/uploads\/grupo-escuadras-alineacion-forro-2.jpg\",\"datePublished\":\"2023-11-29T09:30:35+00:00\",\"dateModified\":\"2023-12-13T16:01:49+00:00\",\"breadcrumb\":{\"@id\":\"https:\/\/www.naem.es\/ca\/producto\/esquadres-alineacio-folre-herro-zincat-inox\/#breadcrumb\"},\"inLanguage\":\"ca\",\"potentialAction\":[{\"@type\":\"ReadAction\",\"target\":[\"https:\/\/www.naem.es\/ca\/producto\/esquadres-alineacio-folre-herro-zincat-inox\/\"]}]},{\"@type\":\"ImageObject\",\"inLanguage\":\"ca\",\"@id\":\"https:\/\/www.naem.es\/ca\/producto\/esquadres-alineacio-folre-herro-zincat-inox\/#primaryimage\",\"url\":\"https:\/\/www.naem.es\/wp-content\/uploads\/grupo-escuadras-alineacion-forro-2.jpg\",\"contentUrl\":\"https:\/\/www.naem.es\/wp-content\/uploads\/grupo-escuadras-alineacion-forro-2.jpg\",\"width\":800,\"height\":480},{\"@type\":\"BreadcrumbList\",\"@id\":\"https:\/\/www.naem.es\/ca\/producto\/esquadres-alineacio-folre-herro-zincat-inox\/#breadcrumb\",\"itemListElement\":[{\"@type\":\"ListItem\",\"position\":1,\"name\":\"Portada\",\"item\":\"https:\/\/www.naem.es\/ca\/\"},{\"@type\":\"ListItem\",\"position\":2,\"name\":\"Tienda\",\"item\":\"https:\/\/www.naem.es\/catalogo\/\"},{\"@type\":\"ListItem\",\"position\":3,\"name\":\"Esquadres alineaci\u00f3 folre (Herro zincat \/ inox)\"}]},{\"@type\":\"WebSite\",\"@id\":\"https:\/\/www.naem.es\/ca\/#website\",\"url\":\"https:\/\/www.naem.es\/ca\/\",\"name\":\"Naem\",\"description\":\"\",\"potentialAction\":[{\"@type\":\"SearchAction\",\"target\":{\"@type\":\"EntryPoint\",\"urlTemplate\":\"https:\/\/www.naem.es\/ca\/?s={search_term_string}\"},\"query-input\":{\"@type\":\"PropertyValueSpecification\",\"valueRequired\":true,\"valueName\":\"search_term_string\"}}],\"inLanguage\":\"ca\"}]}<\/script>\n<!-- \/ Yoast SEO plugin. -->","yoast_head_json":{"title":"Esquadres alineaci\u00f3 folre (Herro zincat \/ inox) - Naem","robots":{"index":"index","follow":"follow","max-snippet":"max-snippet:-1","max-image-preview":"max-image-preview:large","max-video-preview":"max-video-preview:-1"},"canonical":"https:\/\/www.naem.es\/ca\/producto\/esquadres-alineacio-folre-herro-zincat-inox\/","og_locale":"ca_ES","og_type":"article","og_title":"Esquadres alineaci\u00f3 folre (Herro zincat \/ inox) - Naem","og_description":"Ref.  Denominaci\u00f3  Mides A B  Gruixos C  Material  AF- (A 9,6) - I Esquadra alineaci\u00f3 folre ferro zincat 9,6 x 21  0,8  Ferro  AF- (A 9,6) - II Esquadra alineaci\u00f3 folre ferro zincat 9,6 x 21  1,0  Ferro  AF- (A 9,6) - III Esquadra alineaci\u00f3 folre ferro zincat 9,6 x 21  1,2  Ferro        AF- (A 9,6) - IV Esquadra alineaci\u00f3 folre inox. 304 9,6 x 21  0,8  304  AF- (A 9,6) - V Esquadra alineaci\u00f3 folre inox. 304 9,6 x 21  1,0  304  AF- (A 9,6) - VI Esquadra alineaci\u00f3 folre inox. 304 9,6 x 21  1,2  304","og_url":"https:\/\/www.naem.es\/ca\/producto\/esquadres-alineacio-folre-herro-zincat-inox\/","og_site_name":"Naem","article_modified_time":"2023-12-13T16:01:49+00:00","og_image":[{"width":800,"height":480,"url":"https:\/\/www.naem.es\/wp-content\/uploads\/grupo-escuadras-alineacion-forro-2.jpg","type":"image\/jpeg"}],"twitter_card":"summary_large_image","schema":{"@context":"https:\/\/schema.org","@graph":[{"@type":"WebPage","@id":"https:\/\/www.naem.es\/ca\/producto\/esquadres-alineacio-folre-herro-zincat-inox\/","url":"https:\/\/www.naem.es\/ca\/producto\/esquadres-alineacio-folre-herro-zincat-inox\/","name":"Esquadres alineaci\u00f3 folre (Herro zincat \/ inox) - Naem","isPartOf":{"@id":"https:\/\/www.naem.es\/ca\/#website"},"primaryImageOfPage":{"@id":"https:\/\/www.naem.es\/ca\/producto\/esquadres-alineacio-folre-herro-zincat-inox\/#primaryimage"},"image":{"@id":"https:\/\/www.naem.es\/ca\/producto\/esquadres-alineacio-folre-herro-zincat-inox\/#primaryimage"},"thumbnailUrl":"https:\/\/www.naem.es\/wp-content\/uploads\/grupo-escuadras-alineacion-forro-2.jpg","datePublished":"2023-11-29T09:30:35+00:00","dateModified":"2023-12-13T16:01:49+00:00","breadcrumb":{"@id":"https:\/\/www.naem.es\/ca\/producto\/esquadres-alineacio-folre-herro-zincat-inox\/#breadcrumb"},"inLanguage":"ca","potentialAction":[{"@type":"ReadAction","target":["https:\/\/www.naem.es\/ca\/producto\/esquadres-alineacio-folre-herro-zincat-inox\/"]}]},{"@type":"ImageObject","inLanguage":"ca","@id":"https:\/\/www.naem.es\/ca\/producto\/esquadres-alineacio-folre-herro-zincat-inox\/#primaryimage","url":"https:\/\/www.naem.es\/wp-content\/uploads\/grupo-escuadras-alineacion-forro-2.jpg","contentUrl":"https:\/\/www.naem.es\/wp-content\/uploads\/grupo-escuadras-alineacion-forro-2.jpg","width":800,"height":480},{"@type":"BreadcrumbList","@id":"https:\/\/www.naem.es\/ca\/producto\/esquadres-alineacio-folre-herro-zincat-inox\/#breadcrumb","itemListElement":[{"@type":"ListItem","position":1,"name":"Portada","item":"https:\/\/www.naem.es\/ca\/"},{"@type":"ListItem","position":2,"name":"Tienda","item":"https:\/\/www.naem.es\/catalogo\/"},{"@type":"ListItem","position":3,"name":"Esquadres alineaci\u00f3 folre (Herro zincat \/ inox)"}]},{"@type":"WebSite","@id":"https:\/\/www.naem.es\/ca\/#website","url":"https:\/\/www.naem.es\/ca\/","name":"Naem","description":"","potentialAction":[{"@type":"SearchAction","target":{"@type":"EntryPoint","urlTemplate":"https:\/\/www.naem.es\/ca\/?s={search_term_string}"},"query-input":{"@type":"PropertyValueSpecification","valueRequired":true,"valueName":"search_term_string"}}],"inLanguage":"ca"}]}},"_links":{"self":[{"href":"https:\/\/www.naem.es\/ca\/wp-json\/wp\/v2\/product\/3914","targetHints":{"allow":["GET"]}}],"collection":[{"href":"https:\/\/www.naem.es\/ca\/wp-json\/wp\/v2\/product"}],"about":[{"href":"https:\/\/www.naem.es\/ca\/wp-json\/wp\/v2\/types\/product"}],"replies":[{"embeddable":true,"href":"https:\/\/www.naem.es\/ca\/wp-json\/wp\/v2\/comments?post=3914"}],"wp:featuredmedia":[{"embeddable":true,"href":"https:\/\/www.naem.es\/ca\/wp-json\/wp\/v2\/media\/3916"}],"wp:attachment":[{"href":"https:\/\/www.naem.es\/ca\/wp-json\/wp\/v2\/media?parent=3914"}],"wp:term":[{"taxonomy":"product_cat","embeddable":true,"href":"https:\/\/www.naem.es\/ca\/wp-json\/wp\/v2\/product_cat?post=3914"},{"taxonomy":"product_tag","embeddable":true,"href":"https:\/\/www.naem.es\/ca\/wp-json\/wp\/v2\/product_tag?post=3914"}],"curies":[{"name":"wp","href":"https:\/\/api.w.org\/{rel}","templated":true}]}}